{"id":146,"date":"2023-09-07T11:42:04","date_gmt":"2023-09-07T11:42:04","guid":{"rendered":"https:\/\/louetjim.fr\/?page_id=146"},"modified":"2024-01-12T11:57:04","modified_gmt":"2024-01-12T11:57:04","slug":"146-2","status":"publish","type":"page","link":"https:\/\/louetjim.fr\/index.php\/146-2\/","title":{"rendered":"L\u00e9gende"},"content":{"rendered":"<p>[et_pb_section fb_built=\u00a0\u00bb1&Prime; _builder_version=\u00a0\u00bb4.22.1&Prime; _module_preset=\u00a0\u00bbdefault\u00a0\u00bb background_color=\u00a0\u00bb#CAE9ED\u00a0\u00bb custom_margin=\u00a0\u00bb-7px||-249px||false|false\u00a0\u00bb custom_margin_tablet=\u00a0\u00bb-59px||||false|false\u00a0\u00bb custom_margin_phone=\u00a0\u00bb-76px||||false|false\u00a0\u00bb custom_margin_last_edited=\u00a0\u00bbon|phone\u00a0\u00bb global_colors_info=\u00a0\u00bb{}\u00a0\u00bb][et_pb_row _builder_version=\u00a0\u00bb4.22.1&Prime; _module_preset=\u00a0\u00bbdefault\u00a0\u00bb global_colors_info=\u00a0\u00bb{}\u00a0\u00bb][et_pb_column type=\u00a0\u00bb4_4&Prime; _builder_version=\u00a0\u00bb4.22.1&Prime; _module_preset=\u00a0\u00bbdefault\u00a0\u00bb global_colors_info=\u00a0\u00bb{}\u00a0\u00bb][et_pb_text _builder_version=\u00a0\u00bb4.22.1&Prime; _module_preset=\u00a0\u00bbdefault\u00a0\u00bb text_font=\u00a0\u00bbLibre Baskerville|700||on|||||\u00a0\u00bb text_text_color=\u00a0\u00bb#D7581D\u00a0\u00bb text_font_size=\u00a0\u00bb23px\u00a0\u00bb text_orientation=\u00a0\u00bbcenter\u00a0\u00bb text_font_size_tablet=\u00a0\u00bb23px\u00a0\u00bb text_font_size_phone=\u00a0\u00bb20px\u00a0\u00bb text_font_size_last_edited=\u00a0\u00bbon|tablet\u00a0\u00bb global_colors_info=\u00a0\u00bb{}\u00a0\u00bb]<\/p>\n<p>L\u00e9gende &#8211;<\/p>\n<p>[\/et_pb_text][\/et_pb_column][\/et_pb_row][et_pb_row _builder_version=\u00a0\u00bb4.22.1&Prime; _module_preset=\u00a0\u00bbdefault\u00a0\u00bb global_colors_info=\u00a0\u00bb{}\u00a0\u00bb][et_pb_column type=\u00a0\u00bb4_4&Prime; _builder_version=\u00a0\u00bb4.22.1&Prime; _module_preset=\u00a0\u00bbdefault\u00a0\u00bb global_colors_info=\u00a0\u00bb{}\u00a0\u00bb][et_pb_image src=\u00a0\u00bbhttps:\/\/louetjim.fr\/wp-content\/uploads\/2023\/09\/duck-1.jpeg\u00a0\u00bb title_text=\u00a0\u00bbduck 1&Prime; align=\u00a0\u00bbcenter\u00a0\u00bb _builder_version=\u00a0\u00bb4.22.1&Prime; _module_preset=\u00a0\u00bbdefault\u00a0\u00bb width=\u00a0\u00bb34%\u00a0\u00bb width_tablet=\u00a0\u00bb53%\u00a0\u00bb width_phone=\u00a0\u00bb77%\u00a0\u00bb width_last_edited=\u00a0\u00bbon|phone\u00a0\u00bb custom_margin=\u00a0\u00bb-8px||||false|false\u00a0\u00bb custom_margin_tablet=\u00a0\u00bb-36px||||false|false\u00a0\u00bb custom_margin_phone=\u00a0\u00bb-27px||||false|false\u00a0\u00bb custom_margin_last_edited=\u00a0\u00bbon|desktop\u00a0\u00bb border_radii=\u00a0\u00bbon|84px|84px|84px|84px\u00a0\u00bb global_colors_info=\u00a0\u00bb{}\u00a0\u00bb][\/et_pb_image][\/et_pb_column][\/et_pb_row][et_pb_row _builder_version=\u00a0\u00bb4.22.1&Prime; _module_preset=\u00a0\u00bbdefault\u00a0\u00bb global_colors_info=\u00a0\u00bb{}\u00a0\u00bb][et_pb_column type=\u00a0\u00bb4_4&Prime; _builder_version=\u00a0\u00bb4.22.1&Prime; _module_preset=\u00a0\u00bbdefault\u00a0\u00bb global_colors_info=\u00a0\u00bb{}\u00a0\u00bb][et_pb_text _builder_version=\u00a0\u00bb4.22.1&Prime; _module_preset=\u00a0\u00bbdefault\u00a0\u00bb text_font=\u00a0\u00bb|700||on|||||\u00a0\u00bb text_text_color=\u00a0\u00bb#267997&Prime; text_font_size=\u00a0\u00bb19px\u00a0\u00bb text_orientation=\u00a0\u00bbcenter\u00a0\u00bb text_font_size_tablet=\u00a0\u00bb15px\u00a0\u00bb text_font_size_phone=\u00a0\u00bb13px\u00a0\u00bb text_font_size_last_edited=\u00a0\u00bbon|phone\u00a0\u00bb global_colors_info=\u00a0\u00bb{}\u00a0\u00bb]<\/p>\n<p>Fonctionnement du blog :<\/p>\n<p>[\/et_pb_text][\/et_pb_column][\/et_pb_row][et_pb_row _builder_version=\u00a0\u00bb4.22.1&Prime; _module_preset=\u00a0\u00bbdefault\u00a0\u00bb global_colors_info=\u00a0\u00bb{}\u00a0\u00bb][et_pb_column type=\u00a0\u00bb4_4&Prime; _builder_version=\u00a0\u00bb4.22.1&Prime; _module_preset=\u00a0\u00bbdefault\u00a0\u00bb global_colors_info=\u00a0\u00bb{}\u00a0\u00bb][et_pb_text _builder_version=\u00a0\u00bb4.22.1&Prime; _module_preset=\u00a0\u00bbdefault\u00a0\u00bb text_font=\u00a0\u00bbEB Garamond|600|||||||\u00a0\u00bb text_text_color=\u00a0\u00bb#267997&Prime; text_font_size=\u00a0\u00bb16px\u00a0\u00bb text_orientation=\u00a0\u00bbcenter\u00a0\u00bb custom_margin=\u00a0\u00bb||42px||false|false\u00a0\u00bb custom_margin_tablet=\u00a0\u00bb||42px||false|false\u00a0\u00bb custom_margin_phone=\u00a0\u00bb-26px||||false|false\u00a0\u00bb custom_margin_last_edited=\u00a0\u00bbon|desktop\u00a0\u00bb hover_enabled=\u00a0\u00bb0&Prime; text_font_size_tablet=\u00a0\u00bb16px\u00a0\u00bb text_font_size_phone=\u00a0\u00bb13px\u00a0\u00bb text_font_size_last_edited=\u00a0\u00bbon|phone\u00a0\u00bb global_colors_info=\u00a0\u00bb{}\u00a0\u00bb sticky_enabled=\u00a0\u00bb0&Prime;]<\/p>\n<p class=\"look21-about__body-paragraph\">Voici quelques indications sur le fonctionnement de ce blog<\/p>\n<p class=\"look21-about__body-paragraph\">Sachez que :<\/p>\n<p class=\"look21-about__body-paragraph\">1\u00b0) Les photos qui sont avec des \ud83e\udd80 vous indique qu&rsquo;une musique y est associ\u00e9. Cliquez simplement sur la photo pour l&rsquo;\u00e9couter. Les \u2601\ufe0f sont reli\u00e9s \u00e0 des vid\u00e9os YouTube. M\u00eame fonctionnement, il vous suffira de cliquer. En g\u00e9n\u00e9ral si vous voyez un \u00e9moji, tentez de cliquer dessus ou sur la photo \/ le texte attenant .<\/p>\n<p class=\"look21-about__body-paragraph\">En esp\u00e9rant que vous pourrez d\u00e9couvrir de nouvelles musiques tout en prenant plaisir \u00e0 m&rsquo;accompagner sur ce blog .<br \/>En bref chaque logo est reli\u00e9 que ce soit \u00e0 instagram\/ pinterest\/ etc.., \u00e0 vous donc de d\u00e9cider ou non de cliquer pour voir ce qu&rsquo;il en est.<\/p>\n<p class=\"look21-about__body-paragraph\">2\u00b0) Si vous cherchez notre itin\u00e9raire, cliquez sur le \ud83e\udd96 en bas de page .<\/p>\n<p class=\"look21-about__body-paragraph\">3\u00b0) Sachez que toutes les photos sont retouch\u00e9es au niveau de la lumi\u00e8re et des couleurs.<\/p>\n<p class=\"look21-about__body-paragraph\">Merci \u00e0 vous et bonne d\u00e9couverte \ud83e\udd86<\/p>\n<p>[\/et_pb_text][\/et_pb_column][\/et_pb_row][et_pb_row _builder_version=\u00a0\u00bb4.22.1&Prime; _module_preset=\u00a0\u00bbdefault\u00a0\u00bb global_colors_info=\u00a0\u00bb{}\u00a0\u00bb][et_pb_column type=\u00a0\u00bb4_4&Prime; _builder_version=\u00a0\u00bb4.22.1&Prime; _module_preset=\u00a0\u00bbdefault\u00a0\u00bb global_colors_info=\u00a0\u00bb{}\u00a0\u00bb][et_pb_text _builder_version=\u00a0\u00bb4.22.1&Prime; _module_preset=\u00a0\u00bbdefault\u00a0\u00bb text_font_size=\u00a0\u00bb31px\u00a0\u00bb text_orientation=\u00a0\u00bbcenter\u00a0\u00bb custom_margin_tablet=\u00a0\u00bb-33px||||false|false\u00a0\u00bb custom_margin_phone=\u00a0\u00bb-49px||-71px||false|false\u00a0\u00bb custom_margin_last_edited=\u00a0\u00bbon|desktop\u00a0\u00bb link_option_url=\u00a0\u00bbhttps:\/\/open.spotify.com\/intl-fr\/track\/1zjmb2LzR5fu0DqFN5Iuk9?si=2d227307bdfc428d\u00a0\u00bb link_option_url_new_window=\u00a0\u00bbon\u00a0\u00bb text_font_size_tablet=\u00a0\u00bb27px\u00a0\u00bb text_font_size_phone=\u00a0\u00bb25px\u00a0\u00bb text_font_size_last_edited=\u00a0\u00bbon|phone\u00a0\u00bb global_colors_info=\u00a0\u00bb{}\u00a0\u00bb]<\/p>\n<p>\ud83e\udd80<\/p>\n<p>[\/et_pb_text][\/et_pb_column][\/et_pb_row][\/et_pb_section]<\/p>\n","protected":false},"excerpt":{"rendered":"<p>L\u00e9gende -Fonctionnement du blog :Voici quelques indications sur le fonctionnement de ce blog Sachez que : 1\u00b0) Les photos qui sont avec des \ud83e\udd80 vous indique qu&rsquo;une musique y est associ\u00e9. Cliquez simplement sur la photo pour l&rsquo;\u00e9couter. Les \u2601\ufe0f sont reli\u00e9s \u00e0 des vid\u00e9os YouTube. M\u00eame fonctionnement, il vous suffira de cliquer. En g\u00e9n\u00e9ral [&hellip;]<\/p>\n","protected":false},"author":1,"featured_media":0,"parent":0,"menu_order":0,"comment_status":"closed","ping_status":"closed","template":"","meta":{"_et_pb_use_builder":"on","_et_pb_old_content":"","_et_gb_content_width":"","footnotes":""},"class_list":["post-146","page","type-page","status-publish","hentry"],"_links":{"self":[{"href":"https:\/\/louetjim.fr\/index.php\/wp-json\/wp\/v2\/pages\/146","targetHints":{"allow":["GET"]}}],"collection":[{"href":"https:\/\/louetjim.fr\/index.php\/wp-json\/wp\/v2\/pages"}],"about":[{"href":"https:\/\/louetjim.fr\/index.php\/wp-json\/wp\/v2\/types\/page"}],"author":[{"embeddable":true,"href":"https:\/\/louetjim.fr\/index.php\/wp-json\/wp\/v2\/users\/1"}],"replies":[{"embeddable":true,"href":"https:\/\/louetjim.fr\/index.php\/wp-json\/wp\/v2\/comments?post=146"}],"version-history":[{"count":6,"href":"https:\/\/louetjim.fr\/index.php\/wp-json\/wp\/v2\/pages\/146\/revisions"}],"predecessor-version":[{"id":1569,"href":"https:\/\/louetjim.fr\/index.php\/wp-json\/wp\/v2\/pages\/146\/revisions\/1569"}],"wp:attachment":[{"href":"https:\/\/louetjim.fr\/index.php\/wp-json\/wp\/v2\/media?parent=146"}],"curies":[{"name":"wp","href":"https:\/\/api.w.org\/{rel}","templated":true}]}}