{"id":332,"date":"2023-09-08T09:43:26","date_gmt":"2023-09-08T09:43:26","guid":{"rendered":"https:\/\/louetjim.fr\/?page_id=332"},"modified":"2024-01-13T10:01:11","modified_gmt":"2024-01-13T10:01:11","slug":"332-2","status":"publish","type":"page","link":"https:\/\/louetjim.fr\/index.php\/55-2\/96-2\/118-2\/332-2\/","title":{"rendered":"Avanc\u00e9e Italienne"},"content":{"rendered":"<p>[et_pb_section fb_built=\u00a0\u00bb1&Prime; _builder_version=\u00a0\u00bb4.22.1&Prime; _module_preset=\u00a0\u00bbdefault\u00a0\u00bb background_color=\u00a0\u00bb#CAE9ED\u00a0\u00bb custom_margin=\u00a0\u00bb-7px||-252px||false|false\u00a0\u00bb custom_margin_tablet=\u00a0\u00bb-59px||||false|false\u00a0\u00bb custom_margin_phone=\u00a0\u00bb-76px||||false|false\u00a0\u00bb custom_margin_last_edited=\u00a0\u00bbon|tablet\u00a0\u00bb global_colors_info=\u00a0\u00bb{}\u00a0\u00bb][et_pb_row _builder_version=\u00a0\u00bb4.22.1&Prime; _module_preset=\u00a0\u00bbdefault\u00a0\u00bb global_colors_info=\u00a0\u00bb{}\u00a0\u00bb][et_pb_column type=\u00a0\u00bb4_4&Prime; _builder_version=\u00a0\u00bb4.22.1&Prime; _module_preset=\u00a0\u00bbdefault\u00a0\u00bb global_colors_info=\u00a0\u00bb{}\u00a0\u00bb][et_pb_text _builder_version=\u00a0\u00bb4.22.1&Prime; _module_preset=\u00a0\u00bbdefault\u00a0\u00bb text_font=\u00a0\u00bbLibre Baskerville|700||on|||||\u00a0\u00bb text_text_color=\u00a0\u00bb#267997&Prime; text_font_size=\u00a0\u00bb23px\u00a0\u00bb text_orientation=\u00a0\u00bbcenter\u00a0\u00bb text_font_size_tablet=\u00a0\u00bb20px\u00a0\u00bb text_font_size_phone=\u00a0\u00bb16px\u00a0\u00bb text_font_size_last_edited=\u00a0\u00bbon|tablet\u00a0\u00bb global_colors_info=\u00a0\u00bb{}\u00a0\u00bb]<\/p>\n<p>Avanc\u00e9e Italienne &#8211;<\/p>\n<p>[\/et_pb_text][\/et_pb_column][\/et_pb_row][et_pb_row _builder_version=\u00a0\u00bb4.22.1&Prime; _module_preset=\u00a0\u00bbdefault\u00a0\u00bb global_colors_info=\u00a0\u00bb{}\u00a0\u00bb][et_pb_column type=\u00a0\u00bb4_4&Prime; _builder_version=\u00a0\u00bb4.22.1&Prime; _module_preset=\u00a0\u00bbdefault\u00a0\u00bb global_colors_info=\u00a0\u00bb{}\u00a0\u00bb][et_pb_image src=\u00a0\u00bbhttps:\/\/louetjim.fr\/wp-content\/uploads\/2023\/09\/1-3.jpeg\u00a0\u00bb title_text=\u00a0\u00bb1&Prime; align=\u00a0\u00bbcenter\u00a0\u00bb _builder_version=\u00a0\u00bb4.22.1&Prime; _module_preset=\u00a0\u00bbdefault\u00a0\u00bb width=\u00a0\u00bb40%\u00a0\u00bb width_tablet=\u00a0\u00bb53%\u00a0\u00bb width_phone=\u00a0\u00bb77%\u00a0\u00bb width_last_edited=\u00a0\u00bbon|phone\u00a0\u00bb custom_margin=\u00a0\u00bb-8px||||false|false\u00a0\u00bb custom_margin_tablet=\u00a0\u00bb-36px||||false|false\u00a0\u00bb custom_margin_phone=\u00a0\u00bb-27px||||false|false\u00a0\u00bb custom_margin_last_edited=\u00a0\u00bbon|desktop\u00a0\u00bb border_radii=\u00a0\u00bbon|18px|18px|18px|18px\u00a0\u00bb global_colors_info=\u00a0\u00bb{}\u00a0\u00bb][\/et_pb_image][\/et_pb_column][\/et_pb_row][et_pb_row _builder_version=\u00a0\u00bb4.22.1&Prime; _module_preset=\u00a0\u00bbdefault\u00a0\u00bb global_colors_info=\u00a0\u00bb{}\u00a0\u00bb][et_pb_column type=\u00a0\u00bb4_4&Prime; _builder_version=\u00a0\u00bb4.22.1&Prime; _module_preset=\u00a0\u00bbdefault\u00a0\u00bb global_colors_info=\u00a0\u00bb{}\u00a0\u00bb][et_pb_text _builder_version=\u00a0\u00bb4.22.1&Prime; _module_preset=\u00a0\u00bbdefault\u00a0\u00bb text_font=\u00a0\u00bbEB Garamond|600|||||||\u00a0\u00bb text_text_color=\u00a0\u00bb#267997&Prime; text_font_size=\u00a0\u00bb16px\u00a0\u00bb text_orientation=\u00a0\u00bbcenter\u00a0\u00bb custom_margin=\u00a0\u00bb||42px||false|false\u00a0\u00bb custom_margin_tablet=\u00a0\u00bb||42px||false|false\u00a0\u00bb custom_margin_phone=\u00a0\u00bb-26px||||false|false\u00a0\u00bb custom_margin_last_edited=\u00a0\u00bbon|desktop\u00a0\u00bb hover_enabled=\u00a0\u00bb0&Prime; text_font_size_tablet=\u00a0\u00bb16px\u00a0\u00bb text_font_size_phone=\u00a0\u00bb13px\u00a0\u00bb text_font_size_last_edited=\u00a0\u00bbon|phone\u00a0\u00bb global_colors_info=\u00a0\u00bb{}\u00a0\u00bb sticky_enabled=\u00a0\u00bb0&Prime;]<\/p>\n<p><span>Bonjour \u00e0 tous et bienvenue dans ce second article sur L&rsquo;Italie. Il sera l\u00e9g\u00e8rement court car il m&rsquo;est toujours difficile de retracer autant de temps de m\u00e9moire. Cependant, j&rsquo;esp\u00e8re qu&rsquo;il vous permettra de situer le voyage au mieux.<\/span><br \/><span>Belle et douce lecture \u2600\ufe0f<\/span><\/p>\n<p>[\/et_pb_text][et_pb_divider color=\u00a0\u00bb#295D94&Prime; divider_weight=\u00a0\u00bb2px\u00a0\u00bb _builder_version=\u00a0\u00bb4.22.1&Prime; _module_preset=\u00a0\u00bbdefault\u00a0\u00bb global_colors_info=\u00a0\u00bb{}\u00a0\u00bb][\/et_pb_divider][et_pb_text _builder_version=\u00a0\u00bb4.22.1&Prime; _module_preset=\u00a0\u00bbdefault\u00a0\u00bb text_font=\u00a0\u00bbEB Garamond|600|||||||\u00a0\u00bb text_text_color=\u00a0\u00bb#267997&Prime; text_font_size=\u00a0\u00bb16px\u00a0\u00bb text_orientation=\u00a0\u00bbcenter\u00a0\u00bb custom_margin=\u00a0\u00bb||42px||false|false\u00a0\u00bb custom_margin_tablet=\u00a0\u00bb||42px||false|false\u00a0\u00bb custom_margin_phone=\u00a0\u00bb-26px||||false|false\u00a0\u00bb custom_margin_last_edited=\u00a0\u00bbon|desktop\u00a0\u00bb link_option_url=\u00a0\u00bbhttps:\/\/hitchwiki.org\/fr\/Accueil\u00a0\u00bb link_option_url_new_window=\u00a0\u00bbon\u00a0\u00bb hover_enabled=\u00a0\u00bb0&Prime; text_font_size_tablet=\u00a0\u00bb16px\u00a0\u00bb text_font_size_phone=\u00a0\u00bb13px\u00a0\u00bb text_font_size_last_edited=\u00a0\u00bbon|phone\u00a0\u00bb global_colors_info=\u00a0\u00bb{}\u00a0\u00bb sticky_enabled=\u00a0\u00bb0&Prime;]<\/p>\n<div class=\"look23-recommendations__recommendation-content look23-recommendations__recommendation-no-image\">\n<p class=\"look23-recommendations__recommendation-body-paragraph\">Jour 3, r\u00e9veil \u00e0\u00a0Vintimille.<br \/>La vue est belle avec le soleil qui illumine la ville.<br \/>On remballe la tente et on repart vers la ville.\u00a0On part chercher quelques trucs \u00e0 manger et on se pose pour pique-niquer dans un parc au centre de la ville.\u00a0Il est hyper joli.<br \/>On est sur de l&rsquo;herbe fra\u00eeche, un peu ombrag\u00e9e, mais \u00e9galement ensoleill\u00e9e.\u00a0On mange du jambon avec de la mozzarella et je crois que \u00e7a va \u00eatre un grand classique en Italie, car ce sont bien les seuls plats qui valent le coup, qui se mangent froid et qui ne sont pas trop chers.<br \/>Nous repartons pour enfin aller faire du stop.<br \/>On se lance dans le stop pour G\u00eanes\u00a0voire Rome si on y arrive.\u00a0Je me rends compte que je suis plut\u00f4t patiente et franchement, je ne m&rsquo;y attendais pas.\u00a0Et il va en falloir de la patience, car l&rsquo;Italie est consid\u00e9r\u00e9 comme le pays d&rsquo;Europe le plus dur pour l&rsquo;auto-stop.<br \/>[Je me permets de vous indiquer que le lien du site pour l&rsquo;auto-stop est en bas d&rsquo;article ainsi que la carte qui nous sert \u00e0 nous positionner ]<br \/>On a r\u00e9ussi apr\u00e8s beaucoup d&rsquo;obstacles tels que :\u00a0avoir \u00e9t\u00e9 sur une route pas bien situ\u00e9e, avoir boug\u00e9 sur un p\u00e9age o\u00f9 on ne croisait que des Fran\u00e7ais, mais finalement nous nous sommes rendu sur le bon p\u00e9age avec les gros panneaux \u00ab\u00a0No\u00a0autostop\u00a0\u00bb non loin de nous.\u00a0On a \u00e9t\u00e9 pris par un couple qui vit \u00e0\u00a0Siestre\u00a0Levante\u00a0(Marcella et Vino, il me semble)\u00a0et qui nous y\u00a0laisse.\u00a0On a donc \u00e9t\u00e9 plus loin que G\u00eanes.\u00a0On est arriv\u00e9s tranquillement et on s&rsquo;est pos\u00e9 sur un bord de plage pour manger.<\/p>\n<p class=\"look23-recommendations__recommendation-body-paragraph\">On a un peu gal\u00e9r\u00e9 \u00e0 trouver un lieu pour dormir.\u00a0On a pas mal march\u00e9, on a essay\u00e9 de trouver la \u00ab\u00a0flat\u00a0stone\u00a0\u00bb dont une dame nous avait parl\u00e9, mais on serait certainement mort si on avait dormi l\u00e0.\u00a0J&rsquo;ai laiss\u00e9 Alexandre en haut d&rsquo;une sorte de colline, car il \u00e9tait fatigu\u00e9 et je suis partie en conqu\u00eate d&rsquo;un lieu.\u00a0Quelques minutes, plus tard, j&rsquo;ai trouv\u00e9 un lieu, une sorte de potager partag\u00e9 avec des champs de coquelicots.\u00a0Je l&rsquo;ai appel\u00e9 et apr\u00e8s, on a pos\u00e9 le camp.\u00a0Nous nous sommes endormis en quelques secondes.<\/p>\n<p class=\"look23-recommendations__recommendation-body-paragraph\">11 avril :\u00a0matin de pluie.<br \/>Le sol est humide.\u00a0J&rsquo;ai encore terriblement mal dormi et je commence \u00e0 d\u00e9sesp\u00e9rer et \u00e0 \u00eatre d&rsquo;assez mauvaise humeur.\u00a0On essaye de remballer le camp sans toucher le sol mouill\u00e9.\u00a0Au vu du temps qu&rsquo;il fait, on ne sait pas trop quoi faire.\u00a0On regarde pour la m\u00e9t\u00e9o et ils annoncent des orages toute la semaine.\u00a0On r\u00e9fl\u00e9chit et on d\u00e9cide de partir en Corse pour fuir le mauvais temps.<\/p>\n<p class=\"look23-recommendations__recommendation-body-paragraph\">C&rsquo;est donc une journ\u00e9e de transports essentiellement. On se dirige vers le supermarch\u00e9 pour prendre de quoi grignoter dans le train.<\/p>\n<p class=\"look23-recommendations__recommendation-body-paragraph\">On a pris le train et on a fait une sorte de s\u00e9ance photo en mangeant.\u00a0On avait pris des madeleines aux p\u00e9pites de chocolat et du yaourt \u00e0 la fraise.\u00a0Les fameux yaourts italiens en pot de 500 gr.\u00a0La m\u00eame marque que ceux au citron deux jours plus t\u00f4t.\u00a0Je vais en manger pleins !<br \/>Le train a permis de nous reposer, de nous mettre \u00e0 l&rsquo;abri et de manger un peu pour reprendre des batteries.<\/p>\n<p>\ud83d\udccc<\/p>\n<\/div>\n<p>[\/et_pb_text][et_pb_divider _builder_version=\u00a0\u00bb4.22.1&Prime; _module_preset=\u00a0\u00bbdefault\u00a0\u00bb global_colors_info=\u00a0\u00bb{}\u00a0\u00bb][\/et_pb_divider][et_pb_text _builder_version=\u00a0\u00bb4.22.1&Prime; _module_preset=\u00a0\u00bbdefault\u00a0\u00bb text_font=\u00a0\u00bbEB Garamond|600|||||||\u00a0\u00bb text_text_color=\u00a0\u00bb#267997&Prime; text_font_size=\u00a0\u00bb16px\u00a0\u00bb text_orientation=\u00a0\u00bbcenter\u00a0\u00bb custom_margin=\u00a0\u00bb||42px||false|false\u00a0\u00bb custom_margin_tablet=\u00a0\u00bb||42px||false|false\u00a0\u00bb custom_margin_phone=\u00a0\u00bb-26px||||false|false\u00a0\u00bb custom_margin_last_edited=\u00a0\u00bbon|desktop\u00a0\u00bb link_option_url=\u00a0\u00bbhttps:\/\/hitchmap.com\/\u00a0\u00bb link_option_url_new_window=\u00a0\u00bbon\u00a0\u00bb text_font_size_tablet=\u00a0\u00bb16px\u00a0\u00bb text_font_size_phone=\u00a0\u00bb13px\u00a0\u00bb text_font_size_last_edited=\u00a0\u00bbon|phone\u00a0\u00bb global_colors_info=\u00a0\u00bb{}\u00a0\u00bb]<\/p>\n<div class=\"look23-recommendations__recommendation-content look23-recommendations__recommendation-no-image\">\n<p class=\"look23-recommendations__recommendation-body-paragraph\">La carte du stop<\/p>\n<p>\ud83d\udccc<\/p>\n<\/div>\n<p>[\/et_pb_text][et_pb_divider _builder_version=\u00a0\u00bb4.22.1&Prime; _module_preset=\u00a0\u00bbdefault\u00a0\u00bb global_colors_info=\u00a0\u00bb{}\u00a0\u00bb][\/et_pb_divider][\/et_pb_column][\/et_pb_row][et_pb_row _builder_version=\u00a0\u00bb4.22.1&Prime; _module_preset=\u00a0\u00bbdefault\u00a0\u00bb custom_margin=\u00a0\u00bb-89px||||false|false\u00a0\u00bb custom_margin_tablet=\u00a0\u00bb-96px||5px||false|false\u00a0\u00bb custom_margin_phone=\u00a0\u00bb-96px||5px||false|false\u00a0\u00bb custom_margin_last_edited=\u00a0\u00bbon|phone\u00a0\u00bb global_colors_info=\u00a0\u00bb{}\u00a0\u00bb][et_pb_column type=\u00a0\u00bb4_4&Prime; _builder_version=\u00a0\u00bb4.22.1&Prime; _module_preset=\u00a0\u00bbdefault\u00a0\u00bb global_colors_info=\u00a0\u00bb{}\u00a0\u00bb][et_pb_slider show_image_video_mobile=\u00a0\u00bbon\u00a0\u00bb arrows_custom_color=\u00a0\u00bb#295D94&Prime; dot_nav_custom_color=\u00a0\u00bb#295D94&Prime; _builder_version=\u00a0\u00bb4.22.1&Prime; _module_preset=\u00a0\u00bbdefault\u00a0\u00bb header_font_size=\u00a0\u00bb-59px\u00a0\u00bb background_color=\u00a0\u00bb#CAE9ED\u00a0\u00bb custom_button=\u00a0\u00bbon\u00a0\u00bb width_tablet=\u00a0\u00bb\u00a0\u00bb width_phone=\u00a0\u00bb100%\u00a0\u00bb width_last_edited=\u00a0\u00bbon|phone\u00a0\u00bb module_alignment=\u00a0\u00bbcenter\u00a0\u00bb custom_margin_tablet=\u00a0\u00bb\u00a0\u00bb custom_margin_phone=\u00a0\u00bb-44px||-54px||false|false\u00a0\u00bb custom_margin_last_edited=\u00a0\u00bbon|phone\u00a0\u00bb header_font_size_tablet=\u00a0\u00bb6px\u00a0\u00bb button_text_size_tablet=\u00a0\u00bb\u00a0\u00bb button_text_size_phone=\u00a0\u00bb16px\u00a0\u00bb button_text_size_last_edited=\u00a0\u00bbon|phone\u00a0\u00bb module_alignment_tablet=\u00a0\u00bbcenter\u00a0\u00bb module_alignment_phone=\u00a0\u00bbcenter\u00a0\u00bb module_alignment_last_edited=\u00a0\u00bbon|phone\u00a0\u00bb global_colors_info=\u00a0\u00bb{}\u00a0\u00bb][et_pb_slide heading=\u00a0\u00bbD\u00e9gustation \u00a0\u00bb button_text=\u00a0\u00bb\ud83e\udd80\u00a0\u00bb button_link=\u00a0\u00bbhttps:\/\/open.spotify.com\/intl-fr\/track\/6FvunSnUTm1sxno4tJnSTw?si=5afba8da7bf04bd5&Prime; url_new_window=\u00a0\u00bbon\u00a0\u00bb image=\u00a0\u00bbhttps:\/\/louetjim.fr\/wp-content\/uploads\/2023\/09\/2-2.jpeg\u00a0\u00bb use_bg_overlay=\u00a0\u00bbon\u00a0\u00bb bg_overlay_color=\u00a0\u00bb#CAE9ED\u00a0\u00bb arrows_custom_color=\u00a0\u00bb#295D94&Prime; dot_nav_custom_color=\u00a0\u00bb#295D94&Prime; _builder_version=\u00a0\u00bb4.22.1&Prime; _module_preset=\u00a0\u00bbdefault\u00a0\u00bb header_font=\u00a0\u00bbHind||||||||\u00a0\u00bb header_text_color=\u00a0\u00bb#267997&Prime; header_font_size=\u00a0\u00bb20px\u00a0\u00bb body_text_color=\u00a0\u00bb#295D94&Prime; custom_button=\u00a0\u00bbon\u00a0\u00bb button_text_size=\u00a0\u00bb18px\u00a0\u00bb button_text_color=\u00a0\u00bb#295D94&Prime; button_border_width=\u00a0\u00bb-3px\u00a0\u00bb button_border_radius=\u00a0\u00bb72px\u00a0\u00bb button_use_icon=\u00a0\u00bbon\u00a0\u00bb width_tablet=\u00a0\u00bb100%\u00a0\u00bb width_phone=\u00a0\u00bb67%\u00a0\u00bb width_last_edited=\u00a0\u00bbon|desktop\u00a0\u00bb header_font_size_tablet=\u00a0\u00bb14px\u00a0\u00bb header_font_size_phone=\u00a0\u00bb12px\u00a0\u00bb header_font_size_last_edited=\u00a0\u00bbon|phone\u00a0\u00bb button_text_size_tablet=\u00a0\u00bb15px\u00a0\u00bb button_text_size_phone=\u00a0\u00bb15px\u00a0\u00bb button_text_size_last_edited=\u00a0\u00bbon|phone\u00a0\u00bb button_border_width_tablet=\u00a0\u00bb-3px\u00a0\u00bb button_border_width_phone=\u00a0\u00bb-3px\u00a0\u00bb button_border_width_last_edited=\u00a0\u00bbon|desktop\u00a0\u00bb border_radii_image=\u00a0\u00bbon|12px|12px|12px|12px\u00a0\u00bb global_colors_info=\u00a0\u00bb{}\u00a0\u00bb sticky_transition=\u00a0\u00bbon\u00a0\u00bb]<\/p>\n<div class=\"look23-recommendations__recommendation-content \">\n<p class=\"look23-recommendations__recommendation-body-paragraph\">Juste parce que c&rsquo;est bon\u00a0<\/p>\n<\/div>\n<p>[\/et_pb_slide][et_pb_slide heading=\u00a0\u00bbRegard d\u00e9fiant \u00a0\u00bb button_text=\u00a0\u00bb\ud83e\udd80\u00a0\u00bb button_link=\u00a0\u00bbhttps:\/\/open.spotify.com\/intl-fr\/track\/36xBFaVGjqm7le8CTHytUj?si=c03475ac80ea47b8&Prime; url_new_window=\u00a0\u00bbon\u00a0\u00bb image=\u00a0\u00bbhttps:\/\/louetjim.fr\/wp-content\/uploads\/2023\/09\/3-3.jpeg\u00a0\u00bb use_bg_overlay=\u00a0\u00bboff\u00a0\u00bb arrows_custom_color=\u00a0\u00bb#295D94&Prime; dot_nav_custom_color=\u00a0\u00bb#295D94&Prime; _builder_version=\u00a0\u00bb4.22.1&Prime; _module_preset=\u00a0\u00bbdefault\u00a0\u00bb header_font=\u00a0\u00bbHind||||||||\u00a0\u00bb header_text_color=\u00a0\u00bb#267997&Prime; header_font_size=\u00a0\u00bb20px\u00a0\u00bb body_text_color=\u00a0\u00bb#295D94&Prime; body_font_size=\u00a0\u00bb12px\u00a0\u00bb background_color=\u00a0\u00bb#CAE9ED\u00a0\u00bb background_enable_color=\u00a0\u00bbon\u00a0\u00bb custom_button=\u00a0\u00bbon\u00a0\u00bb button_text_size=\u00a0\u00bb18px\u00a0\u00bb button_text_color=\u00a0\u00bb#295D94&Prime; button_border_radius=\u00a0\u00bb81px\u00a0\u00bb header_font_size_tablet=\u00a0\u00bb14px\u00a0\u00bb header_font_size_phone=\u00a0\u00bb12px\u00a0\u00bb header_font_size_last_edited=\u00a0\u00bbon|phone\u00a0\u00bb body_font_size_tablet=\u00a0\u00bb10px\u00a0\u00bb body_font_size_phone=\u00a0\u00bb9px\u00a0\u00bb body_font_size_last_edited=\u00a0\u00bbon|phone\u00a0\u00bb button_text_size_tablet=\u00a0\u00bb15px\u00a0\u00bb button_text_size_phone=\u00a0\u00bb15px\u00a0\u00bb button_text_size_last_edited=\u00a0\u00bbon|phone\u00a0\u00bb border_radii_image=\u00a0\u00bbon|12px|12px|12px|12px\u00a0\u00bb global_colors_info=\u00a0\u00bb{}\u00a0\u00bb sticky_transition=\u00a0\u00bbon\u00a0\u00bb]<\/p>\n<div class=\"look23-recommendations__recommendation-content \">\n<p class=\"look23-recommendations__recommendation-body-paragraph\">Le premier qui me juge va finir dans un pogo de ce groupe incroyable<\/p>\n<\/div>\n<p>[\/et_pb_slide][\/et_pb_slider][\/et_pb_column][\/et_pb_row][et_pb_row _builder_version=\u00a0\u00bb4.22.1&Prime; _module_preset=\u00a0\u00bbdefault\u00a0\u00bb width_tablet=\u00a0\u00bb\u00a0\u00bb width_phone=\u00a0\u00bb42%\u00a0\u00bb width_last_edited=\u00a0\u00bbon|phone\u00a0\u00bb global_colors_info=\u00a0\u00bb{}\u00a0\u00bb][et_pb_column type=\u00a0\u00bb4_4&Prime; _builder_version=\u00a0\u00bb4.22.1&Prime; _module_preset=\u00a0\u00bbdefault\u00a0\u00bb custom_padding_tablet=\u00a0\u00bb\u00a0\u00bb custom_padding_phone=\u00a0\u00bb0px||||false|false\u00a0\u00bb custom_padding_last_edited=\u00a0\u00bbon|phone\u00a0\u00bb global_colors_info=\u00a0\u00bb{}\u00a0\u00bb][et_pb_text _builder_version=\u00a0\u00bb4.22.1&Prime; _module_preset=\u00a0\u00bbdefault\u00a0\u00bb text_font=\u00a0\u00bbEB Garamond|500|||||||\u00a0\u00bb text_text_color=\u00a0\u00bb#267997&Prime; text_font_size=\u00a0\u00bb17px\u00a0\u00bb text_orientation=\u00a0\u00bbcenter\u00a0\u00bb custom_margin=\u00a0\u00bb-32px||74px||false|false\u00a0\u00bb custom_margin_tablet=\u00a0\u00bb||42px||false|false\u00a0\u00bb custom_margin_phone=\u00a0\u00bb-26px|-82px||-78px|false|false\u00a0\u00bb custom_margin_last_edited=\u00a0\u00bbon|desktop\u00a0\u00bb link_option_url_new_window=\u00a0\u00bbon\u00a0\u00bb hover_enabled=\u00a0\u00bb0&Prime; text_font_size_tablet=\u00a0\u00bb15px\u00a0\u00bb text_font_size_phone=\u00a0\u00bb14px\u00a0\u00bb text_font_size_last_edited=\u00a0\u00bbon|phone\u00a0\u00bb global_colors_info=\u00a0\u00bb{}\u00a0\u00bb sticky_enabled=\u00a0\u00bb0&Prime;]<\/p>\n<p class=\"look23-recommendations__recommendation-body-paragraph\">On est arriv\u00e9s \u00e0\u00a0Savona\u00a0et on devait trouver le ferry et refaire des courses.\u00a0On s&rsquo;est rendu compte qu&rsquo;on \u00e9tait super loin du port avec le ferry, car il y avait deux ports en fait.<\/p>\n<p class=\"look23-recommendations__recommendation-body-paragraph\">On a commenc\u00e9 \u00e0 courir en sachant pertinemment qu&rsquo;on n&rsquo;arriverait pas \u00e0 temps et qu&rsquo;on n&rsquo;aurait pas \u00e0 manger si\u00a0on arrivait \u00e0 attraper le ferry.<br \/>On se d\u00e9p\u00eachait au mieux et il a propos\u00e9 d&rsquo;essayer de faire du stop.\u00a0Dans la panique, on ne savait pas trop, mais on a trouv\u00e9 Barbara qui \u00e9tait adorable et qui parlait fran\u00e7ais.\u00a0Elle nous a d\u00e9pos\u00e9s et on a pu monter \u00e0 temps \u00e0 bord du ferry !<br \/>En d\u00e9couvrant l&rsquo;int\u00e9rieur, on se sentait en m\u00eame temps impressionn\u00e9s et en m\u00eame temps relativement mal \u00e0 l&rsquo;aise par la richesse des lieux.<\/p>\n<p class=\"look23-recommendations__recommendation-body-paragraph\">On a \u00e9t\u00e9 se poser dans une salle de conf\u00e9rence en haut et au fond du bateau pour \u00eatre tranquille.\u00a0On a install\u00e9 les matelas pour dormir et on s&rsquo;est fait d\u00e9gager&#8230;<br \/>On a d\u00fb descendre dans la caf\u00e9t\u00e9ria\u00a0poser nos matelas et dormir l\u00e0.\u00a0J&rsquo;ai dormi assez longtemps dans le bateau et \u00e7a m&rsquo;a fait du bien.\u00a0C&rsquo;est\u00a0bizarre, car\u00a0le bruit \u00e9tait assez insupportable et la lumi\u00e8re vraiment\u00a0agressive, mais\u00a0ce qui compte, c&rsquo;est d&rsquo;avoir r\u00e9ussi \u00e0 dormir.<br \/>Et nous voici de retour en France, sur l&rsquo;\u00eele de beaut\u00e9, par\u00e9s pour de nouvelles aventures.<\/p>\n<p>[\/et_pb_text][\/et_pb_column][\/et_pb_row][et_pb_row _builder_version=\u00a0\u00bb4.22.1&Prime; _module_preset=\u00a0\u00bbdefault\u00a0\u00bb custom_margin=\u00a0\u00bb-89px||||false|false\u00a0\u00bb custom_margin_tablet=\u00a0\u00bb-96px||5px||false|false\u00a0\u00bb custom_margin_phone=\u00a0\u00bb-96px||5px||false|false\u00a0\u00bb custom_margin_last_edited=\u00a0\u00bbon|phone\u00a0\u00bb global_colors_info=\u00a0\u00bb{}\u00a0\u00bb][et_pb_column type=\u00a0\u00bb4_4&Prime; _builder_version=\u00a0\u00bb4.22.1&Prime; _module_preset=\u00a0\u00bbdefault\u00a0\u00bb global_colors_info=\u00a0\u00bb{}\u00a0\u00bb][et_pb_image src=\u00a0\u00bbhttps:\/\/louetjim.fr\/wp-content\/uploads\/2023\/09\/4-4-scaled.jpeg\u00a0\u00bb title_text=\u00a0\u00bb4&Prime; _builder_version=\u00a0\u00bb4.22.1&Prime; _module_preset=\u00a0\u00bbdefault\u00a0\u00bb width=\u00a0\u00bb22%\u00a0\u00bb width_tablet=\u00a0\u00bb33%\u00a0\u00bb width_phone=\u00a0\u00bb47%\u00a0\u00bb width_last_edited=\u00a0\u00bbon|phone\u00a0\u00bb max_width=\u00a0\u00bb100%\u00a0\u00bb module_alignment=\u00a0\u00bbcenter\u00a0\u00bb custom_margin_tablet=\u00a0\u00bb-9px||||false|false\u00a0\u00bb custom_margin_phone=\u00a0\u00bb-31px||||false|false\u00a0\u00bb custom_margin_last_edited=\u00a0\u00bbon|desktop\u00a0\u00bb border_radii=\u00a0\u00bbon|12px|12px|12px|12px\u00a0\u00bb global_colors_info=\u00a0\u00bb{}\u00a0\u00bb][\/et_pb_image][et_pb_text _builder_version=\u00a0\u00bb4.22.1&Prime; _module_preset=\u00a0\u00bbdefault\u00a0\u00bb text_font=\u00a0\u00bbEB Garamond|500|||||||\u00a0\u00bb text_text_color=\u00a0\u00bb#267997&Prime; text_font_size=\u00a0\u00bb17px\u00a0\u00bb text_line_height=\u00a0\u00bb1.1em\u00a0\u00bb text_orientation=\u00a0\u00bbcenter\u00a0\u00bb custom_margin=\u00a0\u00bb||-14px||false|false\u00a0\u00bb custom_margin_tablet=\u00a0\u00bb||42px||false|false\u00a0\u00bb custom_margin_phone=\u00a0\u00bb-26px|-15px||-28px|false|false\u00a0\u00bb custom_margin_last_edited=\u00a0\u00bbon|desktop\u00a0\u00bb text_font_size_tablet=\u00a0\u00bb15px\u00a0\u00bb text_font_size_phone=\u00a0\u00bb14px\u00a0\u00bb text_font_size_last_edited=\u00a0\u00bbon|phone\u00a0\u00bb global_colors_info=\u00a0\u00bb{}\u00a0\u00bb]<\/p>\n<p>Lougo en mer<\/p>\n<p>[\/et_pb_text][\/et_pb_column][\/et_pb_row][\/et_pb_section]<\/p>\n","protected":false},"excerpt":{"rendered":"<p>Avanc\u00e9e Italienne -Bonjour \u00e0 tous et bienvenue dans ce second article sur L&rsquo;Italie. Il sera l\u00e9g\u00e8rement court car il m&rsquo;est toujours difficile de retracer autant de temps de m\u00e9moire. Cependant, j&rsquo;esp\u00e8re qu&rsquo;il vous permettra de situer le voyage au mieux.Belle et douce lecture \u2600\ufe0f Jour 3, r\u00e9veil \u00e0\u00a0Vintimille.La vue est belle avec le soleil qui [&hellip;]<\/p>\n","protected":false},"author":1,"featured_media":0,"parent":118,"menu_order":0,"comment_status":"closed","ping_status":"closed","template":"","meta":{"_et_pb_use_builder":"on","_et_pb_old_content":"","_et_gb_content_width":"","footnotes":""},"class_list":["post-332","page","type-page","status-publish","hentry"],"_links":{"self":[{"href":"https:\/\/louetjim.fr\/index.php\/wp-json\/wp\/v2\/pages\/332","targetHints":{"allow":["GET"]}}],"collection":[{"href":"https:\/\/louetjim.fr\/index.php\/wp-json\/wp\/v2\/pages"}],"about":[{"href":"https:\/\/louetjim.fr\/index.php\/wp-json\/wp\/v2\/types\/page"}],"author":[{"embeddable":true,"href":"https:\/\/louetjim.fr\/index.php\/wp-json\/wp\/v2\/users\/1"}],"replies":[{"embeddable":true,"href":"https:\/\/louetjim.fr\/index.php\/wp-json\/wp\/v2\/comments?post=332"}],"version-history":[{"count":5,"href":"https:\/\/louetjim.fr\/index.php\/wp-json\/wp\/v2\/pages\/332\/revisions"}],"predecessor-version":[{"id":1629,"href":"https:\/\/louetjim.fr\/index.php\/wp-json\/wp\/v2\/pages\/332\/revisions\/1629"}],"up":[{"embeddable":true,"href":"https:\/\/louetjim.fr\/index.php\/wp-json\/wp\/v2\/pages\/118"}],"wp:attachment":[{"href":"https:\/\/louetjim.fr\/index.php\/wp-json\/wp\/v2\/media?parent=332"}],"curies":[{"name":"wp","href":"https:\/\/api.w.org\/{rel}","templated":true}]}}