{"id":413,"date":"2023-09-08T12:46:27","date_gmt":"2023-09-08T12:46:27","guid":{"rendered":"https:\/\/louetjim.fr\/?page_id=413"},"modified":"2024-01-13T10:08:31","modified_gmt":"2024-01-13T10:08:31","slug":"413-2","status":"publish","type":"page","link":"https:\/\/louetjim.fr\/index.php\/55-2\/96-2\/118-2\/413-2\/","title":{"rendered":"Stagner \u00e0 Bologne"},"content":{"rendered":"<p>[et_pb_section fb_built=\u00a0\u00bb1&Prime; _builder_version=\u00a0\u00bb4.22.1&Prime; _module_preset=\u00a0\u00bbdefault\u00a0\u00bb background_color=\u00a0\u00bb#CAE9ED\u00a0\u00bb custom_margin=\u00a0\u00bb-7px||-252px||false|false\u00a0\u00bb custom_margin_tablet=\u00a0\u00bb-59px||||false|false\u00a0\u00bb custom_margin_phone=\u00a0\u00bb-76px||||false|false\u00a0\u00bb custom_margin_last_edited=\u00a0\u00bbon|tablet\u00a0\u00bb global_colors_info=\u00a0\u00bb{}\u00a0\u00bb][et_pb_row _builder_version=\u00a0\u00bb4.22.1&Prime; _module_preset=\u00a0\u00bbdefault\u00a0\u00bb global_colors_info=\u00a0\u00bb{}\u00a0\u00bb][et_pb_column type=\u00a0\u00bb4_4&Prime; _builder_version=\u00a0\u00bb4.22.1&Prime; _module_preset=\u00a0\u00bbdefault\u00a0\u00bb global_colors_info=\u00a0\u00bb{}\u00a0\u00bb][et_pb_text _builder_version=\u00a0\u00bb4.22.1&Prime; _module_preset=\u00a0\u00bbdefault\u00a0\u00bb text_font=\u00a0\u00bbLibre Baskerville|700||on|||||\u00a0\u00bb text_text_color=\u00a0\u00bb#D7581D\u00a0\u00bb text_font_size=\u00a0\u00bb23px\u00a0\u00bb text_orientation=\u00a0\u00bbcenter\u00a0\u00bb text_font_size_tablet=\u00a0\u00bb20px\u00a0\u00bb text_font_size_phone=\u00a0\u00bb16px\u00a0\u00bb text_font_size_last_edited=\u00a0\u00bbon|tablet\u00a0\u00bb global_colors_info=\u00a0\u00bb{}\u00a0\u00bb]<\/p>\n<p>Stagner \u00e0 Bologne &#8211;<\/p>\n<p>[\/et_pb_text][\/et_pb_column][\/et_pb_row][et_pb_row _builder_version=\u00a0\u00bb4.22.1&Prime; _module_preset=\u00a0\u00bbdefault\u00a0\u00bb global_colors_info=\u00a0\u00bb{}\u00a0\u00bb][et_pb_column type=\u00a0\u00bb4_4&Prime; _builder_version=\u00a0\u00bb4.22.1&Prime; _module_preset=\u00a0\u00bbdefault\u00a0\u00bb global_colors_info=\u00a0\u00bb{}\u00a0\u00bb][et_pb_image src=\u00a0\u00bbhttps:\/\/louetjim.fr\/wp-content\/uploads\/2023\/09\/1-6-rotated.jpeg\u00a0\u00bb title_text=\u00a0\u00bb1&Prime; align=\u00a0\u00bbcenter\u00a0\u00bb _builder_version=\u00a0\u00bb4.22.1&Prime; _module_preset=\u00a0\u00bbdefault\u00a0\u00bb width=\u00a0\u00bb40%\u00a0\u00bb width_tablet=\u00a0\u00bb53%\u00a0\u00bb width_phone=\u00a0\u00bb77%\u00a0\u00bb width_last_edited=\u00a0\u00bbon|phone\u00a0\u00bb custom_margin=\u00a0\u00bb-8px||||false|false\u00a0\u00bb custom_margin_tablet=\u00a0\u00bb-36px||||false|false\u00a0\u00bb custom_margin_phone=\u00a0\u00bb-27px||||false|false\u00a0\u00bb custom_margin_last_edited=\u00a0\u00bbon|desktop\u00a0\u00bb border_radii=\u00a0\u00bbon|18px|18px|18px|18px\u00a0\u00bb global_colors_info=\u00a0\u00bb{}\u00a0\u00bb][\/et_pb_image][\/et_pb_column][\/et_pb_row][et_pb_row _builder_version=\u00a0\u00bb4.22.1&Prime; _module_preset=\u00a0\u00bbdefault\u00a0\u00bb global_colors_info=\u00a0\u00bb{}\u00a0\u00bb][et_pb_column type=\u00a0\u00bb4_4&Prime; _builder_version=\u00a0\u00bb4.22.1&Prime; _module_preset=\u00a0\u00bbdefault\u00a0\u00bb global_colors_info=\u00a0\u00bb{}\u00a0\u00bb][et_pb_text _builder_version=\u00a0\u00bb4.22.1&Prime; _module_preset=\u00a0\u00bbdefault\u00a0\u00bb text_font=\u00a0\u00bbEB Garamond|600|||||||\u00a0\u00bb text_text_color=\u00a0\u00bb#D7581D\u00a0\u00bb text_font_size=\u00a0\u00bb16px\u00a0\u00bb text_orientation=\u00a0\u00bbcenter\u00a0\u00bb custom_margin=\u00a0\u00bb||42px||false|false\u00a0\u00bb custom_margin_tablet=\u00a0\u00bb||42px||false|false\u00a0\u00bb custom_margin_phone=\u00a0\u00bb-26px||||false|false\u00a0\u00bb custom_margin_last_edited=\u00a0\u00bbon|desktop\u00a0\u00bb hover_enabled=\u00a0\u00bb0&Prime; text_font_size_tablet=\u00a0\u00bb16px\u00a0\u00bb text_font_size_phone=\u00a0\u00bb13px\u00a0\u00bb text_font_size_last_edited=\u00a0\u00bbon|phone\u00a0\u00bb global_colors_info=\u00a0\u00bb{}\u00a0\u00bb sticky_enabled=\u00a0\u00bb0&Prime;]<\/p>\n<p class=\"look23-recommendations__body-paragraph\">On arrive \u00e0 Bologne et \u00e7a va \u00eatre une des plus grande loose de notre voyage<\/p>\n<p>[\/et_pb_text][et_pb_divider color=\u00a0\u00bb#295D94&Prime; divider_weight=\u00a0\u00bb2px\u00a0\u00bb _builder_version=\u00a0\u00bb4.22.1&Prime; _module_preset=\u00a0\u00bbdefault\u00a0\u00bb global_colors_info=\u00a0\u00bb{}\u00a0\u00bb][\/et_pb_divider][\/et_pb_column][\/et_pb_row][et_pb_row _builder_version=\u00a0\u00bb4.22.1&Prime; _module_preset=\u00a0\u00bbdefault\u00a0\u00bb custom_margin=\u00a0\u00bb-89px||||false|false\u00a0\u00bb custom_margin_tablet=\u00a0\u00bb-96px||5px||false|false\u00a0\u00bb custom_margin_phone=\u00a0\u00bb-96px||5px||false|false\u00a0\u00bb custom_margin_last_edited=\u00a0\u00bbon|phone\u00a0\u00bb global_colors_info=\u00a0\u00bb{}\u00a0\u00bb][et_pb_column type=\u00a0\u00bb4_4&Prime; _builder_version=\u00a0\u00bb4.22.1&Prime; _module_preset=\u00a0\u00bbdefault\u00a0\u00bb global_colors_info=\u00a0\u00bb{}\u00a0\u00bb][et_pb_text _builder_version=\u00a0\u00bb4.22.1&Prime; _module_preset=\u00a0\u00bbdefault\u00a0\u00bb text_font=\u00a0\u00bbEB Garamond|600|||||||\u00a0\u00bb text_text_color=\u00a0\u00bb#D7581D\u00a0\u00bb text_font_size=\u00a0\u00bb16px\u00a0\u00bb text_orientation=\u00a0\u00bbcenter\u00a0\u00bb custom_margin=\u00a0\u00bb||42px||false|false\u00a0\u00bb custom_margin_tablet=\u00a0\u00bb||42px||false|false\u00a0\u00bb custom_margin_phone=\u00a0\u00bb-4px||15px||false|false\u00a0\u00bb custom_margin_last_edited=\u00a0\u00bbon|desktop\u00a0\u00bb link_option_url=\u00a0\u00bbhttps:\/\/eataly.fr\/produit\/orangeade-orange-sanguine-275ml\u00a0\u00bb text_font_size_tablet=\u00a0\u00bb16px\u00a0\u00bb text_font_size_phone=\u00a0\u00bb13px\u00a0\u00bb text_font_size_last_edited=\u00a0\u00bbon|phone\u00a0\u00bb global_colors_info=\u00a0\u00bb{}\u00a0\u00bb]<\/p>\n<div class=\"look23-recommendations__recommendation-content look23-recommendations__recommendation-no-image\">\n<p class=\"look23-recommendations__recommendation-body-paragraph\">\u00c7a y est , le p\u00e9riple \u00e0 Rome se termine et c&rsquo;est la larme \u00e0 l&rsquo;oeil que l&rsquo;on repart du parc o\u00f9 l&rsquo;on a f\u00eat\u00e9 nos 11 mois avec des suppli,\u00a0 de la pizza cr\u00e8me de ricotta, une Margarita et des limonades italiennes d&rsquo;un pur d\u00e9lice.<\/p>\n<p class=\"look23-recommendations__recommendation-body-paragraph\">\ud83d\udccc<\/p>\n<\/div>\n<p>[\/et_pb_text][\/et_pb_column][\/et_pb_row][et_pb_row _builder_version=\u00a0\u00bb4.22.1&Prime; _module_preset=\u00a0\u00bbdefault\u00a0\u00bb width_tablet=\u00a0\u00bb\u00a0\u00bb width_phone=\u00a0\u00bb42%\u00a0\u00bb width_last_edited=\u00a0\u00bbon|phone\u00a0\u00bb global_colors_info=\u00a0\u00bb{}\u00a0\u00bb][et_pb_column type=\u00a0\u00bb4_4&Prime; _builder_version=\u00a0\u00bb4.22.1&Prime; _module_preset=\u00a0\u00bbdefault\u00a0\u00bb custom_padding_tablet=\u00a0\u00bb\u00a0\u00bb custom_padding_phone=\u00a0\u00bb0px||||false|false\u00a0\u00bb custom_padding_last_edited=\u00a0\u00bbon|phone\u00a0\u00bb global_colors_info=\u00a0\u00bb{}\u00a0\u00bb][et_pb_text _builder_version=\u00a0\u00bb4.22.1&Prime; _module_preset=\u00a0\u00bbdefault\u00a0\u00bb text_font=\u00a0\u00bbEB Garamond|500|||||||\u00a0\u00bb text_text_color=\u00a0\u00bb#D7581D\u00a0\u00bb text_font_size=\u00a0\u00bb17px\u00a0\u00bb text_orientation=\u00a0\u00bbcenter\u00a0\u00bb custom_margin=\u00a0\u00bb-32px||74px||false|false\u00a0\u00bb custom_margin_tablet=\u00a0\u00bb||42px||false|false\u00a0\u00bb custom_margin_phone=\u00a0\u00bb-26px|-82px||-78px|false|false\u00a0\u00bb custom_margin_last_edited=\u00a0\u00bbon|desktop\u00a0\u00bb link_option_url=\u00a0\u00bbhttps:\/\/open.spotify.com\/intl-fr\/track\/4YeYupLm97ehlhYhboqMxM?si=4455858139e94e7c\u00a0\u00bb link_option_url_new_window=\u00a0\u00bbon\u00a0\u00bb hover_enabled=\u00a0\u00bb0&Prime; text_font_size_tablet=\u00a0\u00bb15px\u00a0\u00bb text_font_size_phone=\u00a0\u00bb14px\u00a0\u00bb text_font_size_last_edited=\u00a0\u00bbon|phone\u00a0\u00bb global_colors_info=\u00a0\u00bb{}\u00a0\u00bb sticky_enabled=\u00a0\u00bb0&Prime;]<\/p>\n<div class=\"look23-recommendations__recommendation-content look23-recommendations__recommendation-no-image\">\n<p class=\"look23-recommendations__recommendation-body-paragraph\">La veille, nouveau parc o\u00f9 nous avons \u00e9t\u00e9 plut\u00f4t que de rester au stop g\u00e9nial dont je vous parlais dans l&rsquo;article sur Rome car un monsieur suspect tra\u00eenait autour de la tente. On a commenc\u00e9 \u00e0 avoir peur et on a pr\u00e9f\u00e9r\u00e9 repartir autre part un peu dans la pr\u00e9cipitation. On a march\u00e9 un bon une demi heure avant de trouver le nouveau parc mais nous y \u00e9tions au calme. On a mang\u00e9 en pleine nuit mais c&rsquo;\u00e9tait bon , les supplis \u00e9taient encore un peu chaud et les pizzas m\u00eame froides nous ont r\u00e9confort\u00e9s. J&rsquo;adore c\u00e9l\u00e9brer chaque mois, ce moment d&rsquo;amour.\u00a0 D&rsquo;ailleurs bient\u00f4t les 1 an mais ce sera en Gr\u00e8ce (je le sais maintenant).<\/p>\n<p class=\"look23-recommendations__recommendation-body-paragraph\">On remballe tout le lendemain donc et c&rsquo;est parti pour le stop apr\u00e8s des p\u00eaches d\u00e9licieuses du supermarch\u00e9.<br \/>On se met en place et 30min plus tard, on d\u00e9cide d&rsquo;avancer plus sur la voie rapide. On attend deux bonnes heures mais depuis ce matin, Ax m&rsquo;a rappel\u00e9 que C\u00e9dric (mon tonton de Nice dont je vous ai parl\u00e9 dans le premier article en France) m&rsquo;avait donn\u00e9 une banane pour l&rsquo;Asie.\u00a0 Il s&rsquo;av\u00e8re que j&rsquo;avais tant int\u00e9gr\u00e9 l&rsquo;id\u00e9e que c&rsquo;\u00e9tait pour l&rsquo;Asie que j&rsquo;ai oubli\u00e9 temporairement de m&rsquo;en servir avant . J&rsquo;ai donc maintenant mon t\u00e9l\u00e9phone proche de mon visage et je peux d\u00e8s \u00e0 pr\u00e9sent faire du stop en musique . Et je dois dire que \u00e7a change sacr\u00e9ment la donne !<\/p>\n<p class=\"look23-recommendations__recommendation-body-paragraph\">\ud83e\udd80<\/p>\n<\/div>\n<p>[\/et_pb_text][et_pb_image src=\u00a0\u00bbhttps:\/\/louetjim.fr\/wp-content\/uploads\/2023\/09\/2-4.jpeg\u00a0\u00bb title_text=\u00a0\u00bb2&Prime; _builder_version=\u00a0\u00bb4.22.1&Prime; _module_preset=\u00a0\u00bbdefault\u00a0\u00bb width=\u00a0\u00bb28%\u00a0\u00bb width_tablet=\u00a0\u00bb42%\u00a0\u00bb width_phone=\u00a0\u00bb95%\u00a0\u00bb width_last_edited=\u00a0\u00bbon|phone\u00a0\u00bb max_width=\u00a0\u00bb100%\u00a0\u00bb module_alignment=\u00a0\u00bbcenter\u00a0\u00bb custom_margin_tablet=\u00a0\u00bb-9px||||false|false\u00a0\u00bb custom_margin_phone=\u00a0\u00bb-31px||||false|false\u00a0\u00bb custom_margin_last_edited=\u00a0\u00bbon|desktop\u00a0\u00bb border_radii=\u00a0\u00bbon|12px|12px|12px|12px\u00a0\u00bb global_colors_info=\u00a0\u00bb{}\u00a0\u00bb][\/et_pb_image][et_pb_text _builder_version=\u00a0\u00bb4.22.1&Prime; _module_preset=\u00a0\u00bbdefault\u00a0\u00bb text_font=\u00a0\u00bbEB Garamond|500|||||||\u00a0\u00bb text_text_color=\u00a0\u00bb#D7581D\u00a0\u00bb text_font_size=\u00a0\u00bb17px\u00a0\u00bb text_orientation=\u00a0\u00bbcenter\u00a0\u00bb custom_margin=\u00a0\u00bb||30px||false|false\u00a0\u00bb custom_margin_tablet=\u00a0\u00bb||42px||false|false\u00a0\u00bb custom_margin_phone=\u00a0\u00bb-26px|-109px||-97px|false|false\u00a0\u00bb custom_margin_last_edited=\u00a0\u00bbon|desktop\u00a0\u00bb link_option_url=\u00a0\u00bbhttps:\/\/open.spotify.com\/intl-fr\/track\/3EEd6ldsPat620GVYMEhOP?si=f01950ea860e4bf2&Prime; link_option_url_new_window=\u00a0\u00bbon\u00a0\u00bb text_font_size_tablet=\u00a0\u00bb15px\u00a0\u00bb text_font_size_phone=\u00a0\u00bb14px\u00a0\u00bb text_font_size_last_edited=\u00a0\u00bbon|phone\u00a0\u00bb global_colors_info=\u00a0\u00bb{}\u00a0\u00bb]<\/p>\n<div class=\"look23-recommendations__recommendation-content \">\n<p class=\"look23-recommendations__recommendation-body-paragraph\">Cette chanson en boucle depuis 4 jours avec les images de Jenna Ortega dans Mercredi \ud83d\udc80<\/p>\n<p class=\"look23-recommendations__recommendation-body-paragraph\">\ud83e\udd80<\/p>\n<\/div>\n<p>[\/et_pb_text][\/et_pb_column][\/et_pb_row][et_pb_row _builder_version=\u00a0\u00bb4.22.1&Prime; _module_preset=\u00a0\u00bbdefault\u00a0\u00bb custom_margin=\u00a0\u00bb-89px||||false|false\u00a0\u00bb custom_margin_tablet=\u00a0\u00bb-96px||5px||false|false\u00a0\u00bb custom_margin_phone=\u00a0\u00bb-96px||5px||false|false\u00a0\u00bb custom_margin_last_edited=\u00a0\u00bbon|phone\u00a0\u00bb global_colors_info=\u00a0\u00bb{}\u00a0\u00bb][et_pb_column type=\u00a0\u00bb4_4&Prime; _builder_version=\u00a0\u00bb4.22.1&Prime; _module_preset=\u00a0\u00bbdefault\u00a0\u00bb global_colors_info=\u00a0\u00bb{}\u00a0\u00bb][et_pb_text _builder_version=\u00a0\u00bb4.22.1&Prime; _module_preset=\u00a0\u00bbdefault\u00a0\u00bb text_font=\u00a0\u00bbEB Garamond|500|||||||\u00a0\u00bb text_text_color=\u00a0\u00bb#D7581D\u00a0\u00bb text_font_size=\u00a0\u00bb17px\u00a0\u00bb text_orientation=\u00a0\u00bbcenter\u00a0\u00bb width_tablet=\u00a0\u00bb\u00a0\u00bb width_phone=\u00a0\u00bb106%\u00a0\u00bb width_last_edited=\u00a0\u00bbon|phone\u00a0\u00bb custom_margin=\u00a0\u00bb46px||24px||false|false\u00a0\u00bb custom_margin_tablet=\u00a0\u00bb||42px||false|false\u00a0\u00bb custom_margin_phone=\u00a0\u00bb-26px|-15px||-10px|false|false\u00a0\u00bb custom_margin_last_edited=\u00a0\u00bbon|desktop\u00a0\u00bb link_option_url=\u00a0\u00bbhttps:\/\/slovenie-secrete.fr\/\u00a0\u00bb text_font_size_tablet=\u00a0\u00bb15px\u00a0\u00bb text_font_size_phone=\u00a0\u00bb14px\u00a0\u00bb text_font_size_last_edited=\u00a0\u00bbon|phone\u00a0\u00bb global_colors_info=\u00a0\u00bb{}\u00a0\u00bb]<\/p>\n<div class=\"look23-recommendations__recommendation-content look23-recommendations__recommendation-no-image\">\n<p class=\"look23-recommendations__recommendation-body-paragraph\">On attend deux heures sans rien . On commence \u00e0 regarder les bus parce qu&rsquo;on d\u00e9sesp\u00e8re et une dame s&rsquo;arr\u00eate pour nous prendre . Elle nous d\u00e9pose non loin de l\u00e0 \u00e0 environ 20min juste avant une entr\u00e9e d&rsquo;autoroute. On se dit que \u00e7a fonctionnera mieux mais l&rsquo;italie est tellement dur en mati\u00e8re de stop qu&rsquo;on ignore si on s&rsquo;en sortira.<br \/>On attend un peu, une demi heure \u00e0 priori et un jeune homme s&rsquo;arr\u00eate pour nous emmener. On pensait demander Florence car c&rsquo;est plus proche mais il nous propose Bologne et \u00e7a nous rapproche encore davantage de la Slov\u00e9nie. 3h de route plus tard, on arrive dans cette ville. On gal\u00e8re \u00e0 trouver quelque chose de sympa \u00e0 manger, il est d\u00e9j\u00e0 tard. On finit par prendre un sandwich tr\u00e8s vite fait et trouver un coin o\u00f9 dormir.<br \/>Le lendemain je pars me balader, la ville est pas trop mal mais le moral n&rsquo;est pas trop l\u00e0, la tente a rendu l&rsquo;\u00e2me&#8230; le Decathlon est super loin et la gal\u00e8re commence. Heureusement apr\u00e8s le Decathlon o\u00f9 on retrouve non seulement des barres de tente mais aussi des matelas, on passe faire un tour au supermarch\u00e9 et on repart avec des focaccia en tout genre et des sushis \/ pokebowl.<br \/>On se dit qu&rsquo;on va refaire du stop pour avancer vers la Slov\u00e9nie.\u00a0 Il s&rsquo;av\u00e8re que personne ne nous prend de la journ\u00e9e.\u00a0 On dort pr\u00e8s de la zone commerciale avec trop d&rsquo;heures \u00e0 marcher dans les jambes et le moral qui peine \u00e0 tenir. On sent bien que personne ne va nous prendre. Il commence \u00e0 pleuvoir et l&rsquo;eau commence \u00e0 inonder la tente. Le lendemain on sort tout pour \u00e9tendre les affaires au mcdo d&rsquo;en face . On court sous la pluie pour s&rsquo;y r\u00e9fugier. Il va pleuvoir pendant des jours et on a pass\u00e9 3 jours enti\u00e8rement dans le mcdo notamment parce qu&rsquo;on ne peut pas faire de stop sous la pluie et qu&rsquo;on avait plus internet pour chercher une solution. Mes parents cherchaient depuis la France en \u00e9tant au t\u00e9l\u00e9phone avec moi, c&rsquo;est dire.<br \/>Sinon rapport au 72h dans le mcdo\u00a0 je vous conseille de ne pas le faire, \u00e7a ruine le moral et la nourriture est trop ignoble pour la sant\u00e9. On n&rsquo;a d\u00e9cid\u00e9 de ne plus jamais aller dans des fast-food depuis,\u00a0 nous sommes actuellement deux mois plus tard et pas de rechute : on s&rsquo;y tient !<br \/>On n&rsquo;ira pas en Slov\u00e9nie finalement, on prend directement un billet de bus pour la Croatie car on a trouv\u00e9 un logement dans un petit bled paum\u00e9 pour s&rsquo;abriter pendant deux semaines des orages incessants qui sont pr\u00e9vus.\u00a0 J&rsquo;esp\u00e8re qu&rsquo;on aura plus tard l&rsquo;occasion d&rsquo;aller visiter car \u00e7a a l&rsquo;air d&rsquo;\u00eatre un pays trop beau. Je vous joins un petit blog qui semble trop sympa pour pr\u00e9parer un voyage l\u00e0 bas.<\/p>\n<p class=\"look23-recommendations__recommendation-body-paragraph\">\n<p class=\"look23-recommendations__recommendation-body-paragraph\">\ud83d\udccc<\/p>\n<\/div>\n<p>[\/et_pb_text][et_pb_slider show_image_video_mobile=\u00a0\u00bbon\u00a0\u00bb arrows_custom_color=\u00a0\u00bb#295D94&Prime; dot_nav_custom_color=\u00a0\u00bb#295D94&Prime; _builder_version=\u00a0\u00bb4.22.1&Prime; _module_preset=\u00a0\u00bbdefault\u00a0\u00bb header_font_size=\u00a0\u00bb-59px\u00a0\u00bb background_color=\u00a0\u00bb#CAE9ED\u00a0\u00bb custom_margin_tablet=\u00a0\u00bb\u00a0\u00bb custom_margin_phone=\u00a0\u00bb-45px|-44px||-47px|false|false\u00a0\u00bb custom_margin_last_edited=\u00a0\u00bbon|phone\u00a0\u00bb header_font_size_tablet=\u00a0\u00bb6px\u00a0\u00bb global_colors_info=\u00a0\u00bb{}\u00a0\u00bb][et_pb_slide heading=\u00a0\u00bbLe bus pour le D\u00e9cathlon \u00a0\u00bb button_link=\u00a0\u00bbhttps:\/\/open.spotify.com\/intl-fr\/track\/45S5WTQEGOB1VHr1Q4FuPl?si=e614c2296d874f51&Prime; url_new_window=\u00a0\u00bbon\u00a0\u00bb image=\u00a0\u00bbhttps:\/\/louetjim.fr\/wp-content\/uploads\/2023\/09\/3-2.webp\u00a0\u00bb use_bg_overlay=\u00a0\u00bbon\u00a0\u00bb bg_overlay_color=\u00a0\u00bb#CAE9ED\u00a0\u00bb arrows_custom_color=\u00a0\u00bb#295D94&Prime; dot_nav_custom_color=\u00a0\u00bb#295D94&Prime; _builder_version=\u00a0\u00bb4.22.1&Prime; _module_preset=\u00a0\u00bbdefault\u00a0\u00bb header_font=\u00a0\u00bbHind||||||||\u00a0\u00bb header_text_color=\u00a0\u00bb#D7581D\u00a0\u00bb header_font_size=\u00a0\u00bb20px\u00a0\u00bb body_text_color=\u00a0\u00bb#295D94&Prime; custom_button=\u00a0\u00bbon\u00a0\u00bb button_text_size=\u00a0\u00bb18px\u00a0\u00bb button_text_color=\u00a0\u00bb#295D94&Prime; button_border_width=\u00a0\u00bb-3px\u00a0\u00bb button_border_radius=\u00a0\u00bb72px\u00a0\u00bb button_use_icon=\u00a0\u00bbon\u00a0\u00bb width=\u00a0\u00bb100%\u00a0\u00bb width_tablet=\u00a0\u00bb100%\u00a0\u00bb width_phone=\u00a0\u00bb100%\u00a0\u00bb width_last_edited=\u00a0\u00bbon|desktop\u00a0\u00bb header_font_size_tablet=\u00a0\u00bb14px\u00a0\u00bb header_font_size_phone=\u00a0\u00bb12px\u00a0\u00bb header_font_size_last_edited=\u00a0\u00bbon|phone\u00a0\u00bb button_text_size_tablet=\u00a0\u00bb15px\u00a0\u00bb button_text_size_phone=\u00a0\u00bb15px\u00a0\u00bb button_text_size_last_edited=\u00a0\u00bbon|phone\u00a0\u00bb button_border_width_tablet=\u00a0\u00bb-3px\u00a0\u00bb button_border_width_phone=\u00a0\u00bb-3px\u00a0\u00bb button_border_width_last_edited=\u00a0\u00bbon|desktop\u00a0\u00bb border_radii_image=\u00a0\u00bbon|12px|12px|12px|12px\u00a0\u00bb global_colors_info=\u00a0\u00bb{}\u00a0\u00bb sticky_transition=\u00a0\u00bbon\u00a0\u00bb][\/et_pb_slide][et_pb_slide heading=\u00a0\u00bbQui nous a conduit au d\u00e9but des enfers du Mcdo\u00a0\u00bb button_link=\u00a0\u00bbhttps:\/\/fr.m.wikipedia.org\/wiki\/Fermina_d%27Amelia\u00a0\u00bb url_new_window=\u00a0\u00bbon\u00a0\u00bb image=\u00a0\u00bbhttps:\/\/louetjim.fr\/wp-content\/uploads\/2023\/09\/4-6.jpeg\u00a0\u00bb use_bg_overlay=\u00a0\u00bboff\u00a0\u00bb arrows_custom_color=\u00a0\u00bb#295D94&Prime; dot_nav_custom_color=\u00a0\u00bb#295D94&Prime; _builder_version=\u00a0\u00bb4.22.1&Prime; _module_preset=\u00a0\u00bbdefault\u00a0\u00bb header_font=\u00a0\u00bbHind||||||||\u00a0\u00bb header_text_color=\u00a0\u00bb#D7581D\u00a0\u00bb header_font_size=\u00a0\u00bb20px\u00a0\u00bb body_text_color=\u00a0\u00bb#295D94&Prime; body_font_size=\u00a0\u00bb12px\u00a0\u00bb background_color=\u00a0\u00bb#CAE9ED\u00a0\u00bb background_enable_color=\u00a0\u00bbon\u00a0\u00bb custom_button=\u00a0\u00bbon\u00a0\u00bb button_text_size=\u00a0\u00bb18px\u00a0\u00bb button_text_color=\u00a0\u00bb#267997&Prime; button_border_radius=\u00a0\u00bb81px\u00a0\u00bb header_font_size_tablet=\u00a0\u00bb14px\u00a0\u00bb header_font_size_phone=\u00a0\u00bb12px\u00a0\u00bb header_font_size_last_edited=\u00a0\u00bbon|phone\u00a0\u00bb body_font_size_tablet=\u00a0\u00bb11px\u00a0\u00bb body_font_size_phone=\u00a0\u00bb9px\u00a0\u00bb body_font_size_last_edited=\u00a0\u00bbon|phone\u00a0\u00bb button_text_size_tablet=\u00a0\u00bb15px\u00a0\u00bb button_text_size_phone=\u00a0\u00bb15px\u00a0\u00bb button_text_size_last_edited=\u00a0\u00bbon|phone\u00a0\u00bb border_radii_image=\u00a0\u00bbon|12px|12px|12px|12px\u00a0\u00bb global_colors_info=\u00a0\u00bb{}\u00a0\u00bb sticky_transition=\u00a0\u00bbon\u00a0\u00bb][\/et_pb_slide][\/et_pb_slider][et_pb_text _builder_version=\u00a0\u00bb4.22.1&Prime; _module_preset=\u00a0\u00bbdefault\u00a0\u00bb text_font=\u00a0\u00bbEB Garamond|500|||||||\u00a0\u00bb text_text_color=\u00a0\u00bb#D7581D\u00a0\u00bb text_font_size=\u00a0\u00bb17px\u00a0\u00bb text_orientation=\u00a0\u00bbcenter\u00a0\u00bb custom_margin=\u00a0\u00bb-4px||24px||false|false\u00a0\u00bb custom_margin_tablet=\u00a0\u00bb||42px||false|false\u00a0\u00bb custom_margin_phone=\u00a0\u00bb-26px|-15px||-28px|false|false\u00a0\u00bb custom_margin_last_edited=\u00a0\u00bbon|desktop\u00a0\u00bb hover_enabled=\u00a0\u00bb0&Prime; text_font_size_tablet=\u00a0\u00bb15px\u00a0\u00bb text_font_size_phone=\u00a0\u00bb14px\u00a0\u00bb text_font_size_last_edited=\u00a0\u00bbon|phone\u00a0\u00bb global_colors_info=\u00a0\u00bb{}\u00a0\u00bb sticky_enabled=\u00a0\u00bb0&Prime;]<\/p>\n<p class=\"look23-recommendations__recommendation-body-paragraph\">Le bus dure pas mal de temps et on dort tr\u00e8s peu.\u00a0 On part vers 20h, arrivons deux heures plus tard \u00e0 Venise pour quatre heures de correspondance.\u00a0 Le temps para\u00eet long , tout est ferm\u00e9 \u00e0 part le kebab donc on s&rsquo;y r\u00e9fugie le plus possible .<br \/>Finalement le bus nous prend vers 2h du matin et nous arriverons en Croatie \u00e0 6 ou 7h. Les multiples contr\u00f4les aux fronti\u00e8res nous r\u00e9veille constamment donc la nuit est tr\u00e8s courte.<br \/>Enfin bon voil\u00e0 Bologne \u00e7a restera des souvenirs pas terribles pour nous, beaucoup de gal\u00e8re mais bon on n&rsquo;est pas tr\u00e8s objectifs vu qu&rsquo;on en a surtout vu le mcdo de la zone commerciale et les orages.<\/p>\n<p class=\"look23-recommendations__recommendation-body-paragraph\">Force \u00e0 nous et bienvenu en Croatie que vous retrouverez dans l&rsquo;article suivant !<br \/>D&rsquo;ailleurs quand on est parti, il y a eu des cas d&rsquo;inondations dans la r\u00e9gion de Bologne et m\u00eame si c&rsquo;\u00e9tait pas dans la ville mais dans la r\u00e9gion, on a bien fait de partir .<\/p>\n<p>[\/et_pb_text][\/et_pb_column][\/et_pb_row][\/et_pb_section]<\/p>\n","protected":false},"excerpt":{"rendered":"<p>Stagner \u00e0 Bologne -On arrive \u00e0 Bologne et \u00e7a va \u00eatre une des plus grande loose de notre voyage \u00c7a y est , le p\u00e9riple \u00e0 Rome se termine et c&rsquo;est la larme \u00e0 l&rsquo;oeil que l&rsquo;on repart du parc o\u00f9 l&rsquo;on a f\u00eat\u00e9 nos 11 mois avec des suppli,\u00a0 de la pizza cr\u00e8me de [&hellip;]<\/p>\n","protected":false},"author":1,"featured_media":0,"parent":118,"menu_order":0,"comment_status":"closed","ping_status":"closed","template":"","meta":{"_et_pb_use_builder":"on","_et_pb_old_content":"","_et_gb_content_width":"","footnotes":""},"class_list":["post-413","page","type-page","status-publish","hentry"],"_links":{"self":[{"href":"https:\/\/louetjim.fr\/index.php\/wp-json\/wp\/v2\/pages\/413","targetHints":{"allow":["GET"]}}],"collection":[{"href":"https:\/\/louetjim.fr\/index.php\/wp-json\/wp\/v2\/pages"}],"about":[{"href":"https:\/\/louetjim.fr\/index.php\/wp-json\/wp\/v2\/types\/page"}],"author":[{"embeddable":true,"href":"https:\/\/louetjim.fr\/index.php\/wp-json\/wp\/v2\/users\/1"}],"replies":[{"embeddable":true,"href":"https:\/\/louetjim.fr\/index.php\/wp-json\/wp\/v2\/comments?post=413"}],"version-history":[{"count":6,"href":"https:\/\/louetjim.fr\/index.php\/wp-json\/wp\/v2\/pages\/413\/revisions"}],"predecessor-version":[{"id":1633,"href":"https:\/\/louetjim.fr\/index.php\/wp-json\/wp\/v2\/pages\/413\/revisions\/1633"}],"up":[{"embeddable":true,"href":"https:\/\/louetjim.fr\/index.php\/wp-json\/wp\/v2\/pages\/118"}],"wp:attachment":[{"href":"https:\/\/louetjim.fr\/index.php\/wp-json\/wp\/v2\/media?parent=413"}],"curies":[{"name":"wp","href":"https:\/\/api.w.org\/{rel}","templated":true}]}}