{"id":438,"date":"2023-09-08T13:19:51","date_gmt":"2023-09-08T13:19:51","guid":{"rendered":"https:\/\/louetjim.fr\/?page_id=438"},"modified":"2024-01-13T09:53:24","modified_gmt":"2024-01-13T09:53:24","slug":"438-2","status":"publish","type":"page","link":"https:\/\/louetjim.fr\/index.php\/55-2\/96-2\/116-2\/438-2\/","title":{"rendered":"Hi Mont\u00e9n\u00e9gro"},"content":{"rendered":"<p>[et_pb_section fb_built=\u00a0\u00bb1&Prime; _builder_version=\u00a0\u00bb4.22.1&Prime; _module_preset=\u00a0\u00bbdefault\u00a0\u00bb background_color=\u00a0\u00bb#CAE9ED\u00a0\u00bb custom_margin=\u00a0\u00bb-7px||-252px||false|false\u00a0\u00bb custom_margin_tablet=\u00a0\u00bb-59px||||false|false\u00a0\u00bb custom_margin_phone=\u00a0\u00bb-76px||||false|false\u00a0\u00bb custom_margin_last_edited=\u00a0\u00bbon|tablet\u00a0\u00bb global_colors_info=\u00a0\u00bb{}\u00a0\u00bb][et_pb_row _builder_version=\u00a0\u00bb4.22.1&Prime; _module_preset=\u00a0\u00bbdefault\u00a0\u00bb global_colors_info=\u00a0\u00bb{}\u00a0\u00bb][et_pb_column type=\u00a0\u00bb4_4&Prime; _builder_version=\u00a0\u00bb4.22.1&Prime; _module_preset=\u00a0\u00bbdefault\u00a0\u00bb global_colors_info=\u00a0\u00bb{}\u00a0\u00bb][et_pb_text _builder_version=\u00a0\u00bb4.22.1&Prime; _module_preset=\u00a0\u00bbdefault\u00a0\u00bb text_font=\u00a0\u00bbLibre Baskerville|700||on|||||\u00a0\u00bb text_text_color=\u00a0\u00bb#D7581D\u00a0\u00bb text_font_size=\u00a0\u00bb23px\u00a0\u00bb text_orientation=\u00a0\u00bbcenter\u00a0\u00bb text_font_size_tablet=\u00a0\u00bb20px\u00a0\u00bb text_font_size_phone=\u00a0\u00bb16px\u00a0\u00bb text_font_size_last_edited=\u00a0\u00bbon|tablet\u00a0\u00bb global_colors_info=\u00a0\u00bb{}\u00a0\u00bb]<\/p>\n<p>Hi Mont\u00e9n\u00e9gro &#8211;<\/p>\n<p>[\/et_pb_text][\/et_pb_column][\/et_pb_row][et_pb_row _builder_version=\u00a0\u00bb4.22.1&Prime; _module_preset=\u00a0\u00bbdefault\u00a0\u00bb global_colors_info=\u00a0\u00bb{}\u00a0\u00bb][et_pb_column type=\u00a0\u00bb4_4&Prime; _builder_version=\u00a0\u00bb4.22.1&Prime; _module_preset=\u00a0\u00bbdefault\u00a0\u00bb global_colors_info=\u00a0\u00bb{}\u00a0\u00bb][et_pb_image src=\u00a0\u00bbhttps:\/\/louetjim.fr\/wp-content\/uploads\/2023\/09\/1-m.jpeg\u00a0\u00bb title_text=\u00a0\u00bb1 m\u00a0\u00bb align=\u00a0\u00bbcenter\u00a0\u00bb _builder_version=\u00a0\u00bb4.22.1&Prime; _module_preset=\u00a0\u00bbdefault\u00a0\u00bb width=\u00a0\u00bb40%\u00a0\u00bb width_tablet=\u00a0\u00bb53%\u00a0\u00bb width_phone=\u00a0\u00bb77%\u00a0\u00bb width_last_edited=\u00a0\u00bbon|phone\u00a0\u00bb custom_margin=\u00a0\u00bb-8px||||false|false\u00a0\u00bb custom_margin_tablet=\u00a0\u00bb-36px||||false|false\u00a0\u00bb custom_margin_phone=\u00a0\u00bb-27px||||false|false\u00a0\u00bb custom_margin_last_edited=\u00a0\u00bbon|desktop\u00a0\u00bb border_radii=\u00a0\u00bbon|18px|18px|18px|18px\u00a0\u00bb global_colors_info=\u00a0\u00bb{}\u00a0\u00bb][\/et_pb_image][\/et_pb_column][\/et_pb_row][et_pb_row _builder_version=\u00a0\u00bb4.22.1&Prime; _module_preset=\u00a0\u00bbdefault\u00a0\u00bb global_colors_info=\u00a0\u00bb{}\u00a0\u00bb][et_pb_column type=\u00a0\u00bb4_4&Prime; _builder_version=\u00a0\u00bb4.22.1&Prime; _module_preset=\u00a0\u00bbdefault\u00a0\u00bb global_colors_info=\u00a0\u00bb{}\u00a0\u00bb][et_pb_text _builder_version=\u00a0\u00bb4.22.1&Prime; _module_preset=\u00a0\u00bbdefault\u00a0\u00bb text_font=\u00a0\u00bbEB Garamond|600|||||||\u00a0\u00bb text_text_color=\u00a0\u00bb#D7581D\u00a0\u00bb text_font_size=\u00a0\u00bb16px\u00a0\u00bb text_orientation=\u00a0\u00bbcenter\u00a0\u00bb custom_margin=\u00a0\u00bb||42px||false|false\u00a0\u00bb custom_margin_tablet=\u00a0\u00bb||42px||false|false\u00a0\u00bb custom_margin_phone=\u00a0\u00bb-26px||||false|false\u00a0\u00bb custom_margin_last_edited=\u00a0\u00bbon|desktop\u00a0\u00bb hover_enabled=\u00a0\u00bb0&Prime; text_font_size_tablet=\u00a0\u00bb16px\u00a0\u00bb text_font_size_phone=\u00a0\u00bb13px\u00a0\u00bb text_font_size_last_edited=\u00a0\u00bbon|phone\u00a0\u00bb global_colors_info=\u00a0\u00bb{}\u00a0\u00bb sticky_enabled=\u00a0\u00bb0&Prime;]<\/p>\n<p><span>J&rsquo;esp\u00e8re que vous allez bien aujourd&rsquo;hui et bienvenue dans ce b\u00e9b\u00e9 article sur le Mont\u00e9n\u00e9gro qui sera plus quelques anecdotes qu&rsquo;une v\u00e9ritable histoire.<\/span><\/p>\n<p>[\/et_pb_text][et_pb_divider color=\u00a0\u00bb#295D94&Prime; divider_weight=\u00a0\u00bb2px\u00a0\u00bb _builder_version=\u00a0\u00bb4.22.1&Prime; _module_preset=\u00a0\u00bbdefault\u00a0\u00bb global_colors_info=\u00a0\u00bb{}\u00a0\u00bb][\/et_pb_divider][\/et_pb_column][\/et_pb_row][et_pb_row _builder_version=\u00a0\u00bb4.22.1&Prime; _module_preset=\u00a0\u00bbdefault\u00a0\u00bb width_tablet=\u00a0\u00bb\u00a0\u00bb width_phone=\u00a0\u00bb42%\u00a0\u00bb width_last_edited=\u00a0\u00bbon|phone\u00a0\u00bb global_colors_info=\u00a0\u00bb{}\u00a0\u00bb][et_pb_column type=\u00a0\u00bb4_4&Prime; _builder_version=\u00a0\u00bb4.22.1&Prime; _module_preset=\u00a0\u00bbdefault\u00a0\u00bb custom_padding_tablet=\u00a0\u00bb\u00a0\u00bb custom_padding_phone=\u00a0\u00bb0px||||false|false\u00a0\u00bb custom_padding_last_edited=\u00a0\u00bbon|phone\u00a0\u00bb global_colors_info=\u00a0\u00bb{}\u00a0\u00bb][et_pb_text _builder_version=\u00a0\u00bb4.22.1&Prime; _module_preset=\u00a0\u00bbdefault\u00a0\u00bb text_font=\u00a0\u00bbEB Garamond|500|||||||\u00a0\u00bb text_text_color=\u00a0\u00bb#D7581D\u00a0\u00bb text_font_size=\u00a0\u00bb17px\u00a0\u00bb text_orientation=\u00a0\u00bbcenter\u00a0\u00bb custom_margin=\u00a0\u00bb-32px||74px||false|false\u00a0\u00bb custom_margin_tablet=\u00a0\u00bb||42px||false|false\u00a0\u00bb custom_margin_phone=\u00a0\u00bb-26px|-82px||-78px|false|false\u00a0\u00bb custom_margin_last_edited=\u00a0\u00bbon|desktop\u00a0\u00bb link_option_url_new_window=\u00a0\u00bbon\u00a0\u00bb hover_enabled=\u00a0\u00bb0&Prime; text_font_size_tablet=\u00a0\u00bb15px\u00a0\u00bb text_font_size_phone=\u00a0\u00bb14px\u00a0\u00bb text_font_size_last_edited=\u00a0\u00bbon|phone\u00a0\u00bb global_colors_info=\u00a0\u00bb{}\u00a0\u00bb sticky_enabled=\u00a0\u00bb0&Prime;]<\/p>\n<p class=\"look23-recommendations__recommendation-body-paragraph\">Tout d&rsquo;abord, nous ne sommes rest\u00e9s qu&rsquo;une courte journ\u00e9e sur place.\u00a0Nous avons dormi dans un appartement r\u00e9serv\u00e9 pour 4 et finalement les deux filles avec nous sont partis autre part n&rsquo;aimant pas vraiment la ville.\u00a0Nous avons donc \u00e9t\u00e9 tranquilles sans payer davantage, ce qui est positif.<\/p>\n<p class=\"look23-recommendations__recommendation-body-paragraph\">Ce que je retiens de ce court temps sur place :<\/p>\n<p class=\"look23-recommendations__recommendation-body-paragraph\">1)\u00a0M\u00eame si ma carte bancaire est cens\u00e9e retirer de l&rsquo;argent sans frais partout, j&rsquo;ai pay\u00e9 5 euros de retrait.\u00a0D&rsquo;ailleurs, je retire en euro.\u00a0Je viens d&rsquo;aller voir et donc ici la monnaie, c&rsquo;est de l&rsquo;Euro \u00ab\u00a0par facto\u00a0\u00bb ce qui signifie que le pays\u00a0a adopt\u00e9 l&rsquo;euro\u00a0comme unique monnaie \u00e0 cours l\u00e9gal lors de son ind\u00e9pendance en\u00a02006.\u00a0Il ne fait pas partie de la\u00a0zone euro, car il n&rsquo;est pas membre de l&rsquo;UE.\u00a0Ainsi, les devises circulant dans le pays sont toutes \u00e9mises par un pays \u00e9tranger.\u00a0La\u00a0banque centrale du Mont\u00e9n\u00e9gro\u00a0n&rsquo;est pas autoris\u00e9e \u00e0\u00a0frapper la monnaie\u00a0et aucune pi\u00e8ce ne comporte de face nationale sp\u00e9cifique.<br \/>Merci Wikip\u00e9dia !<br \/>En faisant cette m\u00eame recherche, j&rsquo;ai appris qu&rsquo;on parlait ici le mont\u00e9n\u00e9grin et que les habitants s&rsquo;appelaient comme le nom de leur langue.<\/p>\n<p class=\"look23-recommendations__recommendation-body-paragraph\">2)\u00a0Les supermarch\u00e9s sont vraiment \u00e9tonnants.\u00a0Il s&rsquo;av\u00e8re qu&rsquo;ici, vous avez de grandes surfaces avec peu de produits.\u00a0Cela ne signifie pas que vous avez des trous dans les rayons, simplement que vous avez le m\u00eame paquet de g\u00e2teau qui remplis la moiti\u00e9 d&rsquo;un long rayon.\u00a0C&rsquo;est visuellement assez surprenant quand on n&rsquo;a pas l&rsquo;habitude.\u00a0De plus, vous avez peu de choix.\u00a0Je m&rsquo;explique, vous\u00a0avez le choix entre 60 types de cervelas r\u00e9partis sur l&rsquo;ensemble de tout un rayon viande, vous avez le choix entre\u00a0mille\u00a0Barres de\u00a0Snickers\/lion\/\u00a0twix\u00a0et\u00a0autres, mais\u00a0si vous\u00a0enlevez\u00a0le\u00a0sucre,\u00a0le cervelas et le lait, il ne reste pas\u00a0grand-chose.\u00a0Aucun sandwich, aucun plat pr\u00e9par\u00e9, peu de rayon boulangerie\u00a0(m\u00eame si nous avons trouv\u00e9 un tr\u00e8s bon pain).\u00a0Tout simplement pour nous compliquer, car nous n&rsquo;avons la plupart du temps pas la possibilit\u00e9 de cuisiner.<\/p>\n<p class=\"look23-recommendations__recommendation-body-paragraph\">3)\u00a0Nous avons rigol\u00e9 dans l&rsquo;appartement o\u00f9 nous \u00e9tions pour diverses raisons, les deux plus dr\u00f4les de notre s\u00e9jour \u00e9tant que lorsque nous avons pris notre douche, le sol ressemblait \u00e0 une sorte de colline.\u00a0\u00c0 tel point que nous avons regard\u00e9 si rien ne se cachait sous le tapis antid\u00e9rapant.\u00a0Je pense que la baignoire est dispos\u00e9e sur un cadavre.<br \/>Autre point dr\u00f4le, toujours dans la salle de bain qui plus est, la machine \u00e0 laver n&rsquo;est pas relier \u00e0 l&rsquo;\u00e9vacuation d&rsquo;eau.\u00a0Nous avons d\u00fb mettre le tuyau dans les toilettes pour \u00e9vacuer l&rsquo;eau de lavage.\u00a0Surprenant !<\/p>\n<p class=\"look23-recommendations__recommendation-body-paragraph\">4)\u00a0J&rsquo;ai donc eu en traversant la fronti\u00e8re mes premiers tampons dans mon passeport !\u00a03 d&rsquo;ailleurs, un en rentrant en Bosnie, un en ressortant et un en entrant au Mont\u00e9n\u00e9gro, je crois.\u00a0Je suis super fi\u00e8re !<\/p>\n<p>[\/et_pb_text][et_pb_image src=\u00a0\u00bbhttps:\/\/louetjim.fr\/wp-content\/uploads\/2023\/09\/2m2.jpeg\u00a0\u00bb title_text=\u00a0\u00bb2m2&Prime; _builder_version=\u00a0\u00bb4.22.1&Prime; _module_preset=\u00a0\u00bbdefault\u00a0\u00bb width=\u00a0\u00bb28%\u00a0\u00bb width_tablet=\u00a0\u00bb42%\u00a0\u00bb width_phone=\u00a0\u00bb95%\u00a0\u00bb width_last_edited=\u00a0\u00bbon|phone\u00a0\u00bb max_width=\u00a0\u00bb100%\u00a0\u00bb module_alignment=\u00a0\u00bbcenter\u00a0\u00bb custom_margin_tablet=\u00a0\u00bb-9px||||false|false\u00a0\u00bb custom_margin_phone=\u00a0\u00bb-31px||||false|false\u00a0\u00bb custom_margin_last_edited=\u00a0\u00bbon|desktop\u00a0\u00bb border_radii=\u00a0\u00bbon|12px|12px|12px|12px\u00a0\u00bb global_colors_info=\u00a0\u00bb{}\u00a0\u00bb][\/et_pb_image][\/et_pb_column][\/et_pb_row][et_pb_row _builder_version=\u00a0\u00bb4.22.1&Prime; _module_preset=\u00a0\u00bbdefault\u00a0\u00bb custom_margin=\u00a0\u00bb-89px||||false|false\u00a0\u00bb custom_margin_tablet=\u00a0\u00bb-96px||5px||false|false\u00a0\u00bb custom_margin_phone=\u00a0\u00bb-96px||5px||false|false\u00a0\u00bb custom_margin_last_edited=\u00a0\u00bbon|phone\u00a0\u00bb global_colors_info=\u00a0\u00bb{}\u00a0\u00bb][et_pb_column type=\u00a0\u00bb4_4&Prime; _builder_version=\u00a0\u00bb4.22.1&Prime; _module_preset=\u00a0\u00bbdefault\u00a0\u00bb global_colors_info=\u00a0\u00bb{}\u00a0\u00bb][et_pb_text _builder_version=\u00a0\u00bb4.22.1&Prime; _module_preset=\u00a0\u00bbdefault\u00a0\u00bb text_font=\u00a0\u00bbEB Garamond|500|||||||\u00a0\u00bb text_text_color=\u00a0\u00bb#D7581D\u00a0\u00bb text_font_size=\u00a0\u00bb17px\u00a0\u00bb text_line_height=\u00a0\u00bb0.8em\u00a0\u00bb text_orientation=\u00a0\u00bbcenter\u00a0\u00bb custom_margin=\u00a0\u00bb||76px||false|false\u00a0\u00bb custom_margin_tablet=\u00a0\u00bb||42px||false|false\u00a0\u00bb custom_margin_phone=\u00a0\u00bb12px|-109px|99px|-97px|false|false\u00a0\u00bb custom_margin_last_edited=\u00a0\u00bbon|desktop\u00a0\u00bb link_option_url=\u00a0\u00bbhttps:\/\/open.spotify.com\/intl-fr\/track\/3EEd6ldsPat620GVYMEhOP?si=f01950ea860e4bf2&Prime; link_option_url_new_window=\u00a0\u00bbon\u00a0\u00bb text_font_size_tablet=\u00a0\u00bb15px\u00a0\u00bb text_font_size_phone=\u00a0\u00bb14px\u00a0\u00bb text_font_size_last_edited=\u00a0\u00bbon|phone\u00a0\u00bb text_line_height_tablet=\u00a0\u00bb0.8em\u00a0\u00bb text_line_height_phone=\u00a0\u00bb0.8em\u00a0\u00bb text_line_height_last_edited=\u00a0\u00bbon|desktop\u00a0\u00bb global_colors_info=\u00a0\u00bb{}\u00a0\u00bb]<\/p>\n<p><span>Tampons<\/span><\/p>\n<p><span>Encre sur passeport = Lou joyeuse<\/span><\/p>\n<p>[\/et_pb_text][et_pb_text _builder_version=\u00a0\u00bb4.22.1&Prime; _module_preset=\u00a0\u00bbdefault\u00a0\u00bb text_font=\u00a0\u00bbEB Garamond|500|||||||\u00a0\u00bb text_text_color=\u00a0\u00bb#D7581D\u00a0\u00bb text_font_size=\u00a0\u00bb17px\u00a0\u00bb text_orientation=\u00a0\u00bbcenter\u00a0\u00bb custom_margin=\u00a0\u00bb46px||73px||false|false\u00a0\u00bb custom_margin_tablet=\u00a0\u00bb||42px||false|false\u00a0\u00bb custom_margin_phone=\u00a0\u00bb-41px|-15px||-16px|false|false\u00a0\u00bb custom_margin_last_edited=\u00a0\u00bbon|desktop\u00a0\u00bb hover_enabled=\u00a0\u00bb0&Prime; text_font_size_tablet=\u00a0\u00bb15px\u00a0\u00bb text_font_size_phone=\u00a0\u00bb14px\u00a0\u00bb text_font_size_last_edited=\u00a0\u00bbon|phone\u00a0\u00bb global_colors_info=\u00a0\u00bb{}\u00a0\u00bb sticky_enabled=\u00a0\u00bb0&Prime;]<\/p>\n<div class=\"look23-recommendations__recommendation-content look23-recommendations__recommendation-no-image\">\n<p class=\"look23-recommendations__recommendation-body-paragraph\"><span>C&rsquo;est \u00e0 peu pr\u00e8s tout ce que j&rsquo;ai vu de ce pays.\u00a0Les montagnes sont pr\u00e9sentes partout et sont absolument magnifiques autour de la ville et tout du long de la route.\u00a0Il y a \u00e9norm\u00e9ment de nature et je suis s\u00fbre que les randonn\u00e9es sont g\u00e9niales, on aurait essay\u00e9 si on avait eu Internet dans le pays et une voiture.\u00a0Ce sera pour une prochaine.\u00a0<\/span><br \/><span>J&rsquo;ai aussi remarqu\u00e9 que nous arrivions dans des pays aux architectures diff\u00e9rentes avec des immeubles qui ressemblent \u00e0 des associations de\u00a0tetris.\u00a0Des blocs de hauteurs diff\u00e9rentes qui cr\u00e9ent des b\u00e2timents irr\u00e9guliers, mais que j&rsquo;aime bien.\u00a0C\u00f4t\u00e9\u00a0nourriture, je\u00a0n&rsquo;ai rien essay\u00e9 de plus que ce go\u00fbt de\u00a0Fuze\u00a0Tea\u00a0que je n&rsquo;avais jamais vu et une sauce au poivron qui \u00e9tait plut\u00f4t\u00a0agr\u00e9able, mais\u00a0sans plus.<\/span><br \/><span>En revanche, les gens ont toujours \u00e9t\u00e9 super sympas que ce soit pendant notre attente en stop avec beaucoup de sourire, la propri\u00e9taire du logement ou les gens du supermarch\u00e9.<\/span><\/p>\n<\/div>\n<p>[\/et_pb_text][et_pb_image src=\u00a0\u00bbhttps:\/\/louetjim.fr\/wp-content\/uploads\/2023\/09\/3m.jpeg\u00a0\u00bb title_text=\u00a0\u00bb3m\u00a0\u00bb _builder_version=\u00a0\u00bb4.22.1&Prime; _module_preset=\u00a0\u00bbdefault\u00a0\u00bb width=\u00a0\u00bb28%\u00a0\u00bb width_tablet=\u00a0\u00bb42%\u00a0\u00bb width_phone=\u00a0\u00bb95%\u00a0\u00bb width_last_edited=\u00a0\u00bbon|phone\u00a0\u00bb max_width=\u00a0\u00bb100%\u00a0\u00bb module_alignment=\u00a0\u00bbcenter\u00a0\u00bb custom_margin_tablet=\u00a0\u00bb-9px||||false|false\u00a0\u00bb custom_margin_phone=\u00a0\u00bb-31px||||false|false\u00a0\u00bb custom_margin_last_edited=\u00a0\u00bbon|desktop\u00a0\u00bb border_radii=\u00a0\u00bbon|12px|12px|12px|12px\u00a0\u00bb global_colors_info=\u00a0\u00bb{}\u00a0\u00bb][\/et_pb_image][et_pb_text _builder_version=\u00a0\u00bb4.22.1&Prime; _module_preset=\u00a0\u00bbdefault\u00a0\u00bb text_font=\u00a0\u00bbEB Garamond|500|||||||\u00a0\u00bb text_text_color=\u00a0\u00bb#D7581D\u00a0\u00bb text_font_size=\u00a0\u00bb17px\u00a0\u00bb text_line_height=\u00a0\u00bb0.8em\u00a0\u00bb text_orientation=\u00a0\u00bbcenter\u00a0\u00bb custom_margin=\u00a0\u00bb-17px||77px||false|false\u00a0\u00bb custom_margin_tablet=\u00a0\u00bb||42px||false|false\u00a0\u00bb custom_margin_phone=\u00a0\u00bb-6px|-109px|67px|-97px|false|false\u00a0\u00bb custom_margin_last_edited=\u00a0\u00bbon|desktop\u00a0\u00bb link_option_url=\u00a0\u00bbhttps:\/\/open.spotify.com\/intl-fr\/track\/3EEd6ldsPat620GVYMEhOP?si=f01950ea860e4bf2&Prime; link_option_url_new_window=\u00a0\u00bbon\u00a0\u00bb text_font_size_tablet=\u00a0\u00bb15px\u00a0\u00bb text_font_size_phone=\u00a0\u00bb14px\u00a0\u00bb text_font_size_last_edited=\u00a0\u00bbon|phone\u00a0\u00bb text_line_height_tablet=\u00a0\u00bb0.8em\u00a0\u00bb text_line_height_phone=\u00a0\u00bb0.8em\u00a0\u00bb text_line_height_last_edited=\u00a0\u00bbon|desktop\u00a0\u00bb global_colors_info=\u00a0\u00bb{}\u00a0\u00bb]<\/p>\n<p><span>Boisson go\u00fbt cerise et Eiderflower (fleurs de sureau)<\/span><\/p>\n<p>[\/et_pb_text][et_pb_text _builder_version=\u00a0\u00bb4.22.1&Prime; _module_preset=\u00a0\u00bbdefault\u00a0\u00bb text_font=\u00a0\u00bbEB Garamond|500|||||||\u00a0\u00bb text_text_color=\u00a0\u00bb#D7581D\u00a0\u00bb text_font_size=\u00a0\u00bb17px\u00a0\u00bb text_orientation=\u00a0\u00bbcenter\u00a0\u00bb custom_margin=\u00a0\u00bb-4px||24px||false|false\u00a0\u00bb custom_margin_tablet=\u00a0\u00bb||42px||false|false\u00a0\u00bb custom_margin_phone=\u00a0\u00bb-26px|-15px||-28px|false|false\u00a0\u00bb custom_margin_last_edited=\u00a0\u00bbon|desktop\u00a0\u00bb text_font_size_tablet=\u00a0\u00bb15px\u00a0\u00bb text_font_size_phone=\u00a0\u00bb14px\u00a0\u00bb text_font_size_last_edited=\u00a0\u00bbon|phone\u00a0\u00bb global_colors_info=\u00a0\u00bb{}\u00a0\u00bb]<\/p>\n<div class=\"look23-recommendations__recommendation-content look23-recommendations__recommendation-no-image\">\n<p class=\"look23-recommendations__recommendation-body-paragraph\">On se retrouve bient\u00f4t en Albanie pour de nouvelles aventures \ud83d\ude42<\/p>\n<\/div>\n<p>[\/et_pb_text][\/et_pb_column][\/et_pb_row][\/et_pb_section]<\/p>\n","protected":false},"excerpt":{"rendered":"<p>Hi Mont\u00e9n\u00e9gro -J&rsquo;esp\u00e8re que vous allez bien aujourd&rsquo;hui et bienvenue dans ce b\u00e9b\u00e9 article sur le Mont\u00e9n\u00e9gro qui sera plus quelques anecdotes qu&rsquo;une v\u00e9ritable histoire.Tout d&rsquo;abord, nous ne sommes rest\u00e9s qu&rsquo;une courte journ\u00e9e sur place.\u00a0Nous avons dormi dans un appartement r\u00e9serv\u00e9 pour 4 et finalement les deux filles avec nous sont partis autre part n&rsquo;aimant [&hellip;]<\/p>\n","protected":false},"author":1,"featured_media":0,"parent":116,"menu_order":0,"comment_status":"closed","ping_status":"closed","template":"","meta":{"_et_pb_use_builder":"on","_et_pb_old_content":"","_et_gb_content_width":"","footnotes":""},"class_list":["post-438","page","type-page","status-publish","hentry"],"_links":{"self":[{"href":"https:\/\/louetjim.fr\/index.php\/wp-json\/wp\/v2\/pages\/438","targetHints":{"allow":["GET"]}}],"collection":[{"href":"https:\/\/louetjim.fr\/index.php\/wp-json\/wp\/v2\/pages"}],"about":[{"href":"https:\/\/louetjim.fr\/index.php\/wp-json\/wp\/v2\/types\/page"}],"author":[{"embeddable":true,"href":"https:\/\/louetjim.fr\/index.php\/wp-json\/wp\/v2\/users\/1"}],"replies":[{"embeddable":true,"href":"https:\/\/louetjim.fr\/index.php\/wp-json\/wp\/v2\/comments?post=438"}],"version-history":[{"count":6,"href":"https:\/\/louetjim.fr\/index.php\/wp-json\/wp\/v2\/pages\/438\/revisions"}],"predecessor-version":[{"id":1623,"href":"https:\/\/louetjim.fr\/index.php\/wp-json\/wp\/v2\/pages\/438\/revisions\/1623"}],"up":[{"embeddable":true,"href":"https:\/\/louetjim.fr\/index.php\/wp-json\/wp\/v2\/pages\/116"}],"wp:attachment":[{"href":"https:\/\/louetjim.fr\/index.php\/wp-json\/wp\/v2\/media?parent=438"}],"curies":[{"name":"wp","href":"https:\/\/api.w.org\/{rel}","templated":true}]}}