{"id":88,"date":"2023-09-07T10:59:19","date_gmt":"2023-09-07T10:59:19","guid":{"rendered":"https:\/\/louetjim.fr\/?page_id=88"},"modified":"2024-10-02T19:56:08","modified_gmt":"2024-10-02T19:56:08","slug":"88-2","status":"publish","type":"page","link":"https:\/\/louetjim.fr\/index.php\/88-2\/","title":{"rendered":"Allez XoXo"},"content":{"rendered":"<p>[et_pb_section fb_built=\u00a0\u00bb1&Prime; _builder_version=\u00a0\u00bb4.22.1&Prime; _module_preset=\u00a0\u00bbdefault\u00a0\u00bb background_color=\u00a0\u00bb#CAE9ED\u00a0\u00bb custom_margin=\u00a0\u00bb-7px||-249px||false|false\u00a0\u00bb custom_margin_tablet=\u00a0\u00bb-59px||||false|false\u00a0\u00bb custom_margin_phone=\u00a0\u00bb-76px||||false|false\u00a0\u00bb custom_margin_last_edited=\u00a0\u00bbon|tablet\u00a0\u00bb global_colors_info=\u00a0\u00bb{}\u00a0\u00bb][et_pb_row _builder_version=\u00a0\u00bb4.22.1&Prime; _module_preset=\u00a0\u00bbdefault\u00a0\u00bb global_colors_info=\u00a0\u00bb{}\u00a0\u00bb][et_pb_column type=\u00a0\u00bb4_4&Prime; _builder_version=\u00a0\u00bb4.22.1&Prime; _module_preset=\u00a0\u00bbdefault\u00a0\u00bb global_colors_info=\u00a0\u00bb{}\u00a0\u00bb][et_pb_text _builder_version=\u00a0\u00bb4.22.1&Prime; _module_preset=\u00a0\u00bbdefault\u00a0\u00bb text_font=\u00a0\u00bbLibre Baskerville|700||on|||||\u00a0\u00bb text_text_color=\u00a0\u00bb#D7581D\u00a0\u00bb text_font_size=\u00a0\u00bb23px\u00a0\u00bb text_orientation=\u00a0\u00bbcenter\u00a0\u00bb text_font_size_tablet=\u00a0\u00bb23px\u00a0\u00bb text_font_size_phone=\u00a0\u00bb20px\u00a0\u00bb text_font_size_last_edited=\u00a0\u00bbon|tablet\u00a0\u00bb global_colors_info=\u00a0\u00bb{}\u00a0\u00bb]<\/p>\n<p>Allez XOXO &#8211;<\/p>\n<p>[\/et_pb_text][\/et_pb_column][\/et_pb_row][et_pb_row _builder_version=\u00a0\u00bb4.22.1&Prime; _module_preset=\u00a0\u00bbdefault\u00a0\u00bb global_colors_info=\u00a0\u00bb{}\u00a0\u00bb][et_pb_column type=\u00a0\u00bb4_4&Prime; _builder_version=\u00a0\u00bb4.22.1&Prime; _module_preset=\u00a0\u00bbdefault\u00a0\u00bb global_colors_info=\u00a0\u00bb{}\u00a0\u00bb][et_pb_image src=\u00a0\u00bbhttps:\/\/louetjim.fr\/wp-content\/uploads\/2023\/09\/presentation-des-personnages-avec-un-fond-jaune.png\u00a0\u00bb title_text=\u00a0\u00bbpresentation des personnages avec un fond jaune\u00a0\u00bb align=\u00a0\u00bbcenter\u00a0\u00bb _builder_version=\u00a0\u00bb4.22.1&Prime; _module_preset=\u00a0\u00bbdefault\u00a0\u00bb width=\u00a0\u00bb44%\u00a0\u00bb width_tablet=\u00a0\u00bb58%\u00a0\u00bb width_phone=\u00a0\u00bb80%\u00a0\u00bb width_last_edited=\u00a0\u00bbon|phone\u00a0\u00bb custom_margin=\u00a0\u00bb-8px||||false|false\u00a0\u00bb custom_margin_tablet=\u00a0\u00bb-36px||||false|false\u00a0\u00bb custom_margin_phone=\u00a0\u00bb-27px||||false|false\u00a0\u00bb custom_margin_last_edited=\u00a0\u00bbon|desktop\u00a0\u00bb global_colors_info=\u00a0\u00bb{}\u00a0\u00bb][\/et_pb_image][\/et_pb_column][\/et_pb_row][et_pb_row _builder_version=\u00a0\u00bb4.22.1&Prime; _module_preset=\u00a0\u00bbdefault\u00a0\u00bb global_colors_info=\u00a0\u00bb{}\u00a0\u00bb][et_pb_column type=\u00a0\u00bb4_4&Prime; _builder_version=\u00a0\u00bb4.22.1&Prime; _module_preset=\u00a0\u00bbdefault\u00a0\u00bb global_colors_info=\u00a0\u00bb{}\u00a0\u00bb][et_pb_text _builder_version=\u00a0\u00bb4.22.1&Prime; _module_preset=\u00a0\u00bbdefault\u00a0\u00bb text_font=\u00a0\u00bbEB Garamond|600|||||||\u00a0\u00bb text_text_color=\u00a0\u00bb#267997&Prime; text_font_size=\u00a0\u00bb16px\u00a0\u00bb text_orientation=\u00a0\u00bbcenter\u00a0\u00bb custom_margin=\u00a0\u00bb||42px||false|false\u00a0\u00bb custom_margin_tablet=\u00a0\u00bb||42px||false|false\u00a0\u00bb custom_margin_phone=\u00a0\u00bb-26px||||false|false\u00a0\u00bb custom_margin_last_edited=\u00a0\u00bbon|desktop\u00a0\u00bb text_font_size_tablet=\u00a0\u00bb16px\u00a0\u00bb text_font_size_phone=\u00a0\u00bb13px\u00a0\u00bb text_font_size_last_edited=\u00a0\u00bbon|phone\u00a0\u00bb global_colors_info=\u00a0\u00bb{}\u00a0\u00bb]<\/p>\n<p class=\"look21-about__body-paragraph\">Certainement le nom de ce voyage \ud83c\udf4a<\/p>\n<p class=\"look21-about__body-paragraph\">L&rsquo;objectif est donc de partir de Paris et de<br \/>rejoindre le Japon pour le moment. Nul ne sait si nous irons plus loin (jusqu&rsquo;en Am\u00e9rique du sud par exemple) pour le moment, que ce soit ensemble ou s\u00e9par\u00e9ment. Vous pourrez de toute fa\u00e7on suivre globalement ici ce qu&rsquo;il se passe.<\/p>\n<p class=\"look21-about__body-paragraph\">Avant de commencer, je vous pr\u00e9sente ma petite \u00e9quipe qui se compose donc de Jim mon sac \u00e0 dos, d&rsquo;Arpenaz notre tente, de mon Caterpillar costume et \u00e9videmment d&rsquo;Alexandre mon acolyte de vie et de voyage.<br \/>Cette aventure est un bon moyen de go\u00fbter la nourriture du monde entier et peut-\u00eatre de la cuisiner un jour , de d\u00e9couvrir de nouveaux centre d&rsquo;int\u00e9r\u00eat et de grandir. Si je suis partie, c&rsquo;est pour aller \u00e0 la rencontre des cultures et toujours en apprendre plus sur le monde qui nous entoure et sur moi-m\u00eame. J&rsquo;aimerais pouvoir d\u00e9velopper ma patience, ma concentration, comprendre qui je suis et ce que j&rsquo;aime. Voici dans les grandes lignes, l&rsquo;objectif de ce p\u00e9riple.<\/p>\n<p class=\"look21-about__body-paragraph\">Je ferais au mieux pour tenir ce blog inform\u00e9 et vous faire vadrouiller depuis chez vous. Je vous remercie de votre bienveillance et de votre soutien.<\/p>\n<p class=\"look21-about__body-paragraph\">Oh et avant de partir, n&rsquo;oubliez pas de continuer de r\u00eaver!<\/p>\n<p>[\/et_pb_text][\/et_pb_column][\/et_pb_row][et_pb_row _builder_version=\u00a0\u00bb4.22.1&Prime; _module_preset=\u00a0\u00bbdefault\u00a0\u00bb global_colors_info=\u00a0\u00bb{}\u00a0\u00bb][et_pb_column type=\u00a0\u00bb4_4&Prime; _builder_version=\u00a0\u00bb4.22.1&Prime; _module_preset=\u00a0\u00bbdefault\u00a0\u00bb global_colors_info=\u00a0\u00bb{}\u00a0\u00bb][et_pb_text _builder_version=\u00a0\u00bb4.22.1&Prime; _module_preset=\u00a0\u00bbdefault\u00a0\u00bb text_font_size=\u00a0\u00bb31px\u00a0\u00bb text_orientation=\u00a0\u00bbcenter\u00a0\u00bb custom_margin_tablet=\u00a0\u00bb-33px||||false|false\u00a0\u00bb custom_margin_phone=\u00a0\u00bb-49px||-71px||false|false\u00a0\u00bb custom_margin_last_edited=\u00a0\u00bbon|desktop\u00a0\u00bb link_option_url=\u00a0\u00bbhttps:\/\/open.spotify.com\/intl-fr\/track\/4j2Z0fivH9kDUhqG69Z3Aa?si=9b02e213142f4b07&Prime; link_option_url_new_window=\u00a0\u00bbon\u00a0\u00bb text_font_size_tablet=\u00a0\u00bb27px\u00a0\u00bb text_font_size_phone=\u00a0\u00bb25px\u00a0\u00bb text_font_size_last_edited=\u00a0\u00bbon|phone\u00a0\u00bb global_colors_info=\u00a0\u00bb{}\u00a0\u00bb]<\/p>\n<p>\ud83e\udd80<\/p>\n<p>[\/et_pb_text][\/et_pb_column][\/et_pb_row][\/et_pb_section]<\/p>\n","protected":false},"excerpt":{"rendered":"<p>Allez XOXO -Certainement le nom de ce voyage \ud83c\udf4a L&rsquo;objectif est donc de partir de Paris et derejoindre le Japon pour le moment. Nul ne sait si nous irons plus loin (jusqu&rsquo;en Am\u00e9rique du sud par exemple) pour le moment, que ce soit ensemble ou s\u00e9par\u00e9ment. Vous pourrez de toute fa\u00e7on suivre globalement ici ce [&hellip;]<\/p>\n","protected":false},"author":1,"featured_media":0,"parent":0,"menu_order":0,"comment_status":"closed","ping_status":"closed","template":"","meta":{"_et_pb_use_builder":"on","_et_pb_old_content":"","_et_gb_content_width":"","footnotes":""},"class_list":["post-88","page","type-page","status-publish","hentry"],"_links":{"self":[{"href":"https:\/\/louetjim.fr\/index.php\/wp-json\/wp\/v2\/pages\/88","targetHints":{"allow":["GET"]}}],"collection":[{"href":"https:\/\/louetjim.fr\/index.php\/wp-json\/wp\/v2\/pages"}],"about":[{"href":"https:\/\/louetjim.fr\/index.php\/wp-json\/wp\/v2\/types\/page"}],"author":[{"embeddable":true,"href":"https:\/\/louetjim.fr\/index.php\/wp-json\/wp\/v2\/users\/1"}],"replies":[{"embeddable":true,"href":"https:\/\/louetjim.fr\/index.php\/wp-json\/wp\/v2\/comments?post=88"}],"version-history":[{"count":6,"href":"https:\/\/louetjim.fr\/index.php\/wp-json\/wp\/v2\/pages\/88\/revisions"}],"predecessor-version":[{"id":2297,"href":"https:\/\/louetjim.fr\/index.php\/wp-json\/wp\/v2\/pages\/88\/revisions\/2297"}],"wp:attachment":[{"href":"https:\/\/louetjim.fr\/index.php\/wp-json\/wp\/v2\/media?parent=88"}],"curies":[{"name":"wp","href":"https:\/\/api.w.org\/{rel}","templated":true}]}}